{"id":1221,"date":"2026-04-20T09:09:41","date_gmt":"2026-04-20T07:09:41","guid":{"rendered":"https:\/\/www.gmecnorte.com\/qualite-2\/"},"modified":"2026-04-30T08:30:41","modified_gmt":"2026-04-30T06:30:41","slug":"qualite-2","status":"publish","type":"page","link":"https:\/\/www.gmecnorte.com\/fr\/qualite-2\/","title":{"rendered":"Qualit\u00e9"},"content":{"rendered":"<\/div><\/div><\/div><!-- close content main div --><\/div><\/div><div id='av_section_1' class='avia-section main_color avia-section-default avia-no-border-styling avia-full-stretch avia-bg-style-scroll   container_wrap fullsize' style = 'background-repeat: no-repeat; background-image: url(https:\/\/www.gmecnorte.com\/wp-content\/uploads\/2018\/06\/cabecera-interior.jpg); background-attachment: scroll; background-position: top left; ' data-section-bg-repeat='stretch' ><div class='container' ><div class='template-page content  av-content-full alpha units'><div class='post-entry post-entry-type-page post-entry-1221'><div class='entry-content-wrapper clearfix'>\n<div style='padding-bottom:10px;' class='av-special-heading av-special-heading-h1  blockquote modern-quote modern-centered  '><h1 class='av-special-heading-tag '  itemprop=\"headline\"  >Qualit\u00e9<\/h1><div class='special-heading-border'><div class='special-heading-inner-border' ><\/div><\/div><\/div>\n\n<\/div><\/div><\/div><!-- close content main div --><\/div><\/div><div id='av_section_2' class='avia-section main_color avia-section-default avia-no-border-styling avia-bg-style-scroll   container_wrap fullsize'   ><div class='container' ><div class='template-page content  av-content-full alpha units'><div class='post-entry post-entry-type-page post-entry-1221'><div class='entry-content-wrapper clearfix'>\n<div class=\"flex_column av_one_half  flex_column_div av-zero-column-padding first  \" style='border-radius:0px; '><p><div style='padding-bottom:20px;' class='av-special-heading av-special-heading-h2  blockquote modern-quote   '><h2 class='av-special-heading-tag '  itemprop=\"headline\"  >Nous garantissons la qualit\u00e9 et le respect de l\u2019environnement.<\/h2><div class='special-heading-border'><div class='special-heading-inner-border' ><\/div><\/div><\/div><br \/>\n<section class=\"av_textblock_section \"  itemscope=\"itemscope\" itemtype=\"https:\/\/schema.org\/CreativeWork\" ><div class='avia_textblock  '   itemprop=\"text\" ><p>Dans le but d\u2019am\u00e9liorer \u00e0 la fois la qualit\u00e9 ainsi que la conservation et la protection de l\u2019environnement dans les travaux r\u00e9alis\u00e9s en usinage de grandes pi\u00e8ces, et d\u2019assurer une am\u00e9lioration continue de l\u2019ensemble de nos \u092a\u094d\u0930\u0915\u094d\u0930dures de travail ainsi que du service apport\u00e9 \u00e0 nos clients, GRANDES MECANIZADOS DEL NORTE, S.A. a \u00e9tabli en 2006 les bases de son syst\u00e8me de gestion de la qualit\u00e9 et de l\u2019environnement, certifi\u00e9 selon les normes ISO 9001 et ISO 14001 par l\u2019organisme T\u00dcV Rheinland.<\/p>\n<p>Nous garantissons la qualit\u00e9 de la gestion dans l\u2019ensemble des processus de l\u2019entreprise.<\/p>\n<h2>Qualit\u00e9<\/h2>\n<p><em> * Cliquer sur les images pour voir les certificats de qualit\u00e9 en version agrandie.<\/em><\/p>\n<\/div><\/section><br \/>\n<div class='avia-gallery  avia-gallery-1 avia_lazyload avia_animate_when_visible '  itemprop=\"ImageObject\" itemscope=\"itemscope\" itemtype=\"https:\/\/schema.org\/ImageObject\" ><div class='avia-gallery-thumb'> <a href='https:\/\/www.gmecnorte.com\/wp-content\/uploads\/2026\/04\/GMN_Iso-9001.png' data-rel='gallery-1' data-prev-img='https:\/\/www.gmecnorte.com\/wp-content\/uploads\/2026\/04\/GMN_Iso-9001-495x400.png' class='first_thumb lightbox ' data-onclick='1' title=''  itemprop=\"thumbnailUrl\" ><img  src='https:\/\/www.gmecnorte.com\/wp-content\/uploads\/2026\/04\/GMN_Iso-9001.png' width='611' height='863'  title='GMN_Iso 9001' alt='' \/><\/a> <a href='https:\/\/www.gmecnorte.com\/wp-content\/uploads\/2026\/04\/GMN_Iso-14001.png' data-rel='gallery-1' data-prev-img='https:\/\/www.gmecnorte.com\/wp-content\/uploads\/2026\/04\/GMN_Iso-14001-495x400.png' class='lightbox ' data-onclick='2' title=''  itemprop=\"thumbnailUrl\" ><img  src='https:\/\/www.gmecnorte.com\/wp-content\/uploads\/2026\/04\/GMN_Iso-14001.png' width='610' height='860'  title='GMN_Iso 14001' alt='' \/><\/a><\/div><\/div><\/p><\/div><div class=\"flex_column av_one_half  flex_column_div av-zero-column-padding   \" style='border-radius:0px; '><p><div style='padding-bottom:20px;' class='av-special-heading av-special-heading-h2  blockquote modern-quote   '><h2 class='av-special-heading-tag '  itemprop=\"headline\"  >Politique<\/h2><div class='special-heading-border'><div class='special-heading-inner-border' ><\/div><\/div><\/div><br \/>\n<section class=\"av_textblock_section \"  itemscope=\"itemscope\" itemtype=\"https:\/\/schema.org\/CreativeWork\" ><div class='avia_textblock  '   itemprop=\"text\" ><p>GRANDES MECANIZADOS DEL NORTE, S.A. est une entreprise sp\u00e9cialis\u00e9e dans l\u2019usinage de pi\u00e8ces de grandes dimensions.<\/p>\n<p>Pour nous, la qualit\u00e9, la pr\u00e9servation et la protection de l\u2019environnement constituent un objectif permanent dans toutes les activit\u00e9s men\u00e9es au sein de l\u2019organisation.<\/p>\n<p>\u00c0 cet effet, GRANDES MECANIZADOS DEL NORTE, S.A. a d\u00e9fini sa politique Qualit\u00e9 et Environnement autour des engagements suivants :<\/p>\n<ul>\n<li>Notre objectif principal est la satisfaction du client. Pour cela, nous disposons d\u2019une \u00e9quipe de professionnels capables de s\u2019adapter afin de r\u00e9pondre aux exigences et aux attentes de nos clients, en d\u00e9veloppant des produits de qualit\u00e9. <\/li>\n<li>Respect des exigences l\u00e9gales, r\u00e9glementaires et normatives applicables \u00e0 notre activit\u00e9, ainsi que de toutes les exigences souscrites par l\u2019organisation en lien avec ses aspects environnementaux.<\/li>\n<li>Mettre en \u0153uvre un effort continu pour minimiser l\u2019impact environnemental de nos activit\u00e9s, en privil\u00e9giant l\u2019utilisation de technologies et de proc\u00e9d\u00e9s fond\u00e9s sur des crit\u00e8res de r\u00e9duction et de valorisation.<\/li>\n<li>Fournir la formation n\u00e9cessaire afin d\u2019assurer une ex\u00e9cution efficace des fonctions et des t\u00e2ches de nos collaborateurs.<\/li>\n<li>D\u00e9finir des objectifs et des cibles r\u00e9vis\u00e9s p\u00e9riodiquement, orient\u00e9s vers l\u2019am\u00e9lioration continue et la pr\u00e9vention de la pollution.<\/li>\n<li>Chez GMN, la qualit\u00e9, la pr\u00e9servation et la protection de l\u2019environnement sont des piliers essentiels et un engagement permanent dans chacune de nos activit\u00e9s.<\/li>\n<\/ul>\n<\/div><\/section><\/p><\/div>\n","protected":false},"excerpt":{"rendered":"","protected":false},"author":1,"featured_media":0,"parent":0,"menu_order":0,"comment_status":"closed","ping_status":"closed","template":"","meta":{"footnotes":""},"class_list":["post-1221","page","type-page","status-publish","hentry"],"yoast_head":"<!-- This site is optimized with the Yoast SEO plugin v26.0 - https:\/\/yoast.com\/wordpress\/plugins\/seo\/ -->\n<title>Qualit\u00e9 - Mecanizados GMNorte<\/title>\n<meta name=\"description\" content=\"En GMN la calidad, la conservaci\u00f3n y la protecci\u00f3n del medio ambiente son pilares esenciales y un compromiso permanente en cada una de nuestras actividades.\" \/>\n<meta name=\"robots\" content=\"index, follow, max-snippet:-1, max-image-preview:large, max-video-preview:-1\" \/>\n<link rel=\"canonical\" href=\"https:\/\/www.gmecnorte.com\/fr\/qualite-2\/\" \/>\n<meta property=\"og:locale\" content=\"fr_FR\" \/>\n<meta property=\"og:type\" content=\"article\" \/>\n<meta property=\"og:title\" content=\"Qualit\u00e9 - Mecanizados GMNorte\" \/>\n<meta property=\"og:description\" content=\"En GMN la calidad, la conservaci\u00f3n y la protecci\u00f3n del medio ambiente son pilares esenciales y un compromiso permanente en cada una de nuestras actividades.\" \/>\n<meta property=\"og:url\" content=\"https:\/\/www.gmecnorte.com\/fr\/qualite-2\/\" \/>\n<meta property=\"og:site_name\" content=\"Mecanizados GMNorte\" \/>\n<meta property=\"article:modified_time\" content=\"2026-04-30T06:30:41+00:00\" \/>\n<meta name=\"twitter:card\" content=\"summary_large_image\" \/>\n<meta name=\"twitter:label1\" content=\"Dur\u00e9e de lecture estim\u00e9e\" \/>\n\t<meta name=\"twitter:data1\" content=\"4 minutes\" \/>\n<script type=\"application\/ld+json\" class=\"yoast-schema-graph\">{\"@context\":\"https:\/\/schema.org\",\"@graph\":[{\"@type\":\"WebPage\",\"@id\":\"https:\/\/www.gmecnorte.com\/fr\/qualite-2\/\",\"url\":\"https:\/\/www.gmecnorte.com\/fr\/qualite-2\/\",\"name\":\"Qualit\u00e9 - Mecanizados GMNorte\",\"isPartOf\":{\"@id\":\"https:\/\/www.gmecnorte.com\/#website\"},\"datePublished\":\"2026-04-20T07:09:41+00:00\",\"dateModified\":\"2026-04-30T06:30:41+00:00\",\"description\":\"En GMN la calidad, la conservaci\u00f3n y la protecci\u00f3n del medio ambiente son pilares esenciales y un compromiso permanente en cada una de nuestras actividades.\",\"breadcrumb\":{\"@id\":\"https:\/\/www.gmecnorte.com\/fr\/qualite-2\/#breadcrumb\"},\"inLanguage\":\"fr-FR\",\"potentialAction\":[{\"@type\":\"ReadAction\",\"target\":[\"https:\/\/www.gmecnorte.com\/fr\/qualite-2\/\"]}]},{\"@type\":\"BreadcrumbList\",\"@id\":\"https:\/\/www.gmecnorte.com\/fr\/qualite-2\/#breadcrumb\",\"itemListElement\":[{\"@type\":\"ListItem\",\"position\":1,\"name\":\"Portada\",\"item\":\"https:\/\/www.gmecnorte.com\/fr\/accueil-2\/\"},{\"@type\":\"ListItem\",\"position\":2,\"name\":\"Qualit\u00e9\"}]},{\"@type\":\"WebSite\",\"@id\":\"https:\/\/www.gmecnorte.com\/#website\",\"url\":\"https:\/\/www.gmecnorte.com\/\",\"name\":\"Mecanizados GMNorte\",\"description\":\"Grandes mecanizados\",\"potentialAction\":[{\"@type\":\"SearchAction\",\"target\":{\"@type\":\"EntryPoint\",\"urlTemplate\":\"https:\/\/www.gmecnorte.com\/?s={search_term_string}\"},\"query-input\":{\"@type\":\"PropertyValueSpecification\",\"valueRequired\":true,\"valueName\":\"search_term_string\"}}],\"inLanguage\":\"fr-FR\"}]}<\/script>\n<!-- \/ Yoast SEO plugin. -->","yoast_head_json":{"title":"Qualit\u00e9 - Mecanizados GMNorte","description":"En GMN la calidad, la conservaci\u00f3n y la protecci\u00f3n del medio ambiente son pilares esenciales y un compromiso permanente en cada una de nuestras actividades.","robots":{"index":"index","follow":"follow","max-snippet":"max-snippet:-1","max-image-preview":"max-image-preview:large","max-video-preview":"max-video-preview:-1"},"canonical":"https:\/\/www.gmecnorte.com\/fr\/qualite-2\/","og_locale":"fr_FR","og_type":"article","og_title":"Qualit\u00e9 - Mecanizados GMNorte","og_description":"En GMN la calidad, la conservaci\u00f3n y la protecci\u00f3n del medio ambiente son pilares esenciales y un compromiso permanente en cada una de nuestras actividades.","og_url":"https:\/\/www.gmecnorte.com\/fr\/qualite-2\/","og_site_name":"Mecanizados GMNorte","article_modified_time":"2026-04-30T06:30:41+00:00","twitter_card":"summary_large_image","twitter_misc":{"Dur\u00e9e de lecture estim\u00e9e":"4 minutes"},"schema":{"@context":"https:\/\/schema.org","@graph":[{"@type":"WebPage","@id":"https:\/\/www.gmecnorte.com\/fr\/qualite-2\/","url":"https:\/\/www.gmecnorte.com\/fr\/qualite-2\/","name":"Qualit\u00e9 - Mecanizados GMNorte","isPartOf":{"@id":"https:\/\/www.gmecnorte.com\/#website"},"datePublished":"2026-04-20T07:09:41+00:00","dateModified":"2026-04-30T06:30:41+00:00","description":"En GMN la calidad, la conservaci\u00f3n y la protecci\u00f3n del medio ambiente son pilares esenciales y un compromiso permanente en cada una de nuestras actividades.","breadcrumb":{"@id":"https:\/\/www.gmecnorte.com\/fr\/qualite-2\/#breadcrumb"},"inLanguage":"fr-FR","potentialAction":[{"@type":"ReadAction","target":["https:\/\/www.gmecnorte.com\/fr\/qualite-2\/"]}]},{"@type":"BreadcrumbList","@id":"https:\/\/www.gmecnorte.com\/fr\/qualite-2\/#breadcrumb","itemListElement":[{"@type":"ListItem","position":1,"name":"Portada","item":"https:\/\/www.gmecnorte.com\/fr\/accueil-2\/"},{"@type":"ListItem","position":2,"name":"Qualit\u00e9"}]},{"@type":"WebSite","@id":"https:\/\/www.gmecnorte.com\/#website","url":"https:\/\/www.gmecnorte.com\/","name":"Mecanizados GMNorte","description":"Grandes mecanizados","potentialAction":[{"@type":"SearchAction","target":{"@type":"EntryPoint","urlTemplate":"https:\/\/www.gmecnorte.com\/?s={search_term_string}"},"query-input":{"@type":"PropertyValueSpecification","valueRequired":true,"valueName":"search_term_string"}}],"inLanguage":"fr-FR"}]}},"_links":{"self":[{"href":"https:\/\/www.gmecnorte.com\/fr\/wp-json\/wp\/v2\/pages\/1221","targetHints":{"allow":["GET"]}}],"collection":[{"href":"https:\/\/www.gmecnorte.com\/fr\/wp-json\/wp\/v2\/pages"}],"about":[{"href":"https:\/\/www.gmecnorte.com\/fr\/wp-json\/wp\/v2\/types\/page"}],"author":[{"embeddable":true,"href":"https:\/\/www.gmecnorte.com\/fr\/wp-json\/wp\/v2\/users\/1"}],"replies":[{"embeddable":true,"href":"https:\/\/www.gmecnorte.com\/fr\/wp-json\/wp\/v2\/comments?post=1221"}],"version-history":[{"count":6,"href":"https:\/\/www.gmecnorte.com\/fr\/wp-json\/wp\/v2\/pages\/1221\/revisions"}],"predecessor-version":[{"id":1427,"href":"https:\/\/www.gmecnorte.com\/fr\/wp-json\/wp\/v2\/pages\/1221\/revisions\/1427"}],"wp:attachment":[{"href":"https:\/\/www.gmecnorte.com\/fr\/wp-json\/wp\/v2\/media?parent=1221"}],"curies":[{"name":"wp","href":"https:\/\/api.w.org\/{rel}","templated":true}]}}