{"id":1275,"date":"2026-04-29T09:35:23","date_gmt":"2026-04-29T07:35:23","guid":{"rendered":"https:\/\/www.gmecnorte.com\/gmn\/"},"modified":"2026-04-29T10:01:40","modified_gmt":"2026-04-29T08:01:40","slug":"gmn","status":"publish","type":"page","link":"https:\/\/www.gmecnorte.com\/fr\/gmn\/","title":{"rendered":"GMN"},"content":{"rendered":"<\/div><\/div><\/div><!-- close content main div --><\/div><\/div><div id='full_slider_1' class='avia-fullwidth-slider main_color avia-shadow   container_wrap fullsize'   ><div  data-size='featured'  data-lightbox_size='large'  data-animation='slide'  data-ids='801,807,804'  data-video_counter='0'  data-autoplay='true'  data-bg_slider='false'  data-slide_height=''  data-handle='av_slideshow_full'  data-interval='5'  data-class=' '  data-css_id=''  data-scroll_down=''  data-control_layout='av-control-default'  data-custom_markup=''  data-perma_caption=''  data-autoplay_stopper=''  data-image_attachment=''  data-min_height='0px'  data-src=''  data-position='top left'  data-repeat='no-repeat'  data-attach='scroll'  data-stretch=''  data-default-height='28.666666666667'  class='avia-slideshow avia-slideshow-1  av-control-default av-default-height-applied avia-slideshow-featured av_slideshow_full   avia-slide-slider '  itemprop=\"ImageObject\" itemscope=\"itemscope\" itemtype=\"https:\/\/schema.org\/ImageObject\" ><ul class='avia-slideshow-inner' style='padding-bottom: 28.666666666667%;'><li  class=' slide-1 ' ><div data-rel='slideshow-1' class='avia-slide-wrap'  ><div class = \"caption_fullwidth av-slideshow-caption caption_center caption_center_framed caption_framed\"><div class = \"container caption_container\"><div class = \"slideshow_caption\"><div class = \"slideshow_inner_caption\"><div class = \"slideshow_align_caption\"><h2  style='font-size:40px; ' class='avia-caption-title '  itemprop=\"name\" >SOLUTIONS INT\u00c9GRALES<\/h2><div class='avia-caption-content  av_inherit_color'  itemprop=\"description\"   style='font-size:40px; '><p>Chaudronnerie de grands composants<\/p>\n<\/div><\/div><\/div><\/div><\/div><\/div><img src='https:\/\/www.gmecnorte.com\/wp-content\/uploads\/2024\/12\/home_Slider1-1500x430_Sin-Letras.jpg' width='1500' height='430' title='home_Slider1-1500x430_Sin Letras' alt=''  itemprop=\"thumbnailUrl\"   \/><\/div><\/li><li  class=' slide-2 ' ><div data-rel='slideshow-1' class='avia-slide-wrap'  ><div class = \"caption_fullwidth av-slideshow-caption caption_center caption_center_framed caption_framed\"><div class = \"container caption_container\"><div class = \"slideshow_caption\"><div class = \"slideshow_inner_caption\"><div class = \"slideshow_align_caption\"><h2  style='font-size:40px; ' class='avia-caption-title '  itemprop=\"name\" >SOLUTIONS INT\u00c9GRALES<\/h2><div class='avia-caption-content  av_inherit_color'  itemprop=\"description\"   style='font-size:40px; '><p>Usinage de pi\u00e8ces de grandes dimensions<\/p>\n<\/div><\/div><\/div><\/div><\/div><\/div><img src='https:\/\/www.gmecnorte.com\/wp-content\/uploads\/2024\/12\/home_Slider2-1500x430_Sin-Letras.jpg' width='1500' height='430' title='home_Slider2-1500x430_Sin Letras' alt=''  itemprop=\"thumbnailUrl\"   \/><\/div><\/li><li  class=' slide-3 ' ><div data-rel='slideshow-1' class='avia-slide-wrap'  ><div class = \"caption_fullwidth av-slideshow-caption caption_center caption_center_framed caption_framed\"><div class = \"container caption_container\"><div class = \"slideshow_caption\"><div class = \"slideshow_inner_caption\"><div class = \"slideshow_align_caption\"><h2  style='font-size:40px; ' class='avia-caption-title '  itemprop=\"name\" >SOLUTIONS INT\u00c9GRALES<\/h2><div class='avia-caption-content  av_inherit_color'  itemprop=\"description\"   style='font-size:40px; '><p>Assemblages m\u00e9caniques et peinture de grands composants<\/p>\n<\/div><\/div><\/div><\/div><\/div><\/div><img src='https:\/\/www.gmecnorte.com\/wp-content\/uploads\/2024\/12\/home_Slider3-1500x430_Sin-Letras.jpg' width='1500' height='430' title='home_Slider3-1500x430_Sin Letras' alt=''  itemprop=\"thumbnailUrl\"   \/><\/div><\/li><\/ul><div class='avia-slideshow-arrows avia-slideshow-controls'><a href='#prev' class='prev-slide' aria-hidden='true' data-av_icon='\ue87c' data-av_iconfont='entypo-fontello'>Pr\u00e9c\u00e9dent<\/a><a href='#next' class='next-slide' aria-hidden='true' data-av_icon='\ue87d' data-av_iconfont='entypo-fontello'>Suivant<\/a><\/div><div class='avia-slideshow-dots avia-slideshow-controls'><a href='#1' class='goto-slide active' >1<\/a><a href='#2' class='goto-slide ' >2<\/a><a href='#3' class='goto-slide ' >3<\/a><\/div><\/div><\/div>\n<\/div><\/div><\/div><!-- close content main div --><\/div><\/div><div id='bloques-iconos-home' class='avia-section main_color avia-section-default avia-no-border-styling avia-bg-style-scroll   container_wrap fullsize'   ><div class='container' ><div class='template-page content  av-content-full alpha units'><div class='post-entry post-entry-type-page post-entry-1275'><div class='entry-content-wrapper clearfix'>\n<\/div><\/div><\/div><!-- close content main div --><\/div><\/div><div id='av-layout-grid-1' class='av-layout-grid-container entry-content-wrapper main_color av-flex-cells    av-cell-min-height av-cell-min-height-25 container_wrap fullsize'   >\n<div class=\"flex_cell no_margin av_one_full   \" style='vertical-align:top; padding:100px; '><div class='flex_cell_inner' ><p><div class=\"flex_column av_one_half  flex_column_div av-zero-column-padding first  \" style='border-radius:0px; '><div class='avia-image-container  av-styling-    avia-align-center '  itemprop=\"ImageObject\" itemscope=\"itemscope\" itemtype=\"https:\/\/schema.org\/ImageObject\"  ><div class='avia-image-container-inner'><img class='avia_image ' src='https:\/\/www.gmecnorte.com\/wp-content\/uploads\/2026\/03\/Mision-Caldereria-225x300.jpg' alt='Misi\u00f3n Calderer\u00eda' title='Misi\u00f3n Calderer\u00eda'   itemprop=\"thumbnailUrl\"  \/><\/div><\/div><\/div><div class=\"flex_column av_one_half  flex_column_div av-zero-column-padding   \" style='border-radius:0px; '><section class=\"av_textblock_section \"  itemscope=\"itemscope\" itemtype=\"https:\/\/schema.org\/CreativeWork\" ><div class='avia_textblock  '   itemprop=\"text\" ><p><span style=\"color: #3366ff; font-size: 25px;\"><strong>Mission :<\/strong><\/span><\/p>\n<p>Chez GMN nous produisons, usinons, <strong>assemblons <\/strong>m\u00e9caniquement, r\u00e9alisons des traitements thermiques et peignons en interne de grands composants de <u>chaudronnerie <\/u>et de fonderie. Nous apportons nos <strong>solutions <\/strong>int\u00e9grales aux entreprises leaders dans les secteurs des biens d&rsquo;\u00e9quipement (machine-outil, presses pour <u>l&rsquo;automobile<\/u>, fonderies\u2026)<\/p>\n<p>Nous sommes reconnus pour :<\/p>\n<ul>\n<li>L&rsquo;int\u00e9gration de nos processus : Nous <em>disposons <\/em>de nos propres unit\u00e9s <strong>internes<\/strong> de <u>chaudronnerie<\/u>, usinage, assemblages m\u00e9caniques et peinture.<\/li>\n<li>Notre agilit\u00e9 \u00e0 <em>r\u00e9pondre<\/em> aux besoins de nos clients.<\/li>\n<\/ul>\n<\/div><\/section><\/div><div class='avia-gallery  avia-gallery-1 avia_lazyload avia_animate_when_visible '  itemprop=\"ImageObject\" itemscope=\"itemscope\" itemtype=\"https:\/\/schema.org\/ImageObject\" ><div class='avia-gallery-thumb'> <a href='https:\/\/www.gmecnorte.com\/wp-content\/uploads\/2026\/03\/Mision-Mecanizado-773x1030.jpg' data-rel='gallery-1' data-prev-img='https:\/\/www.gmecnorte.com\/wp-content\/uploads\/2026\/03\/Mision-Mecanizado-495x400.jpg' class='first_thumb lightbox ' data-onclick='1' title='Misi\u00f3n Mecanizado'  itemprop=\"thumbnailUrl\" ><img data-avia-tooltip='Misi\u00f3n Mecanizado' src='https:\/\/www.gmecnorte.com\/wp-content\/uploads\/2026\/03\/Mision-Mecanizado-495x400.jpg' width='495' height='400'  title='Misi\u00f3n Mecanizado' alt='Misi\u00f3n Mecanizado' \/><\/a> <a href='https:\/\/www.gmecnorte.com\/wp-content\/uploads\/2026\/03\/Mision-Montajes-mecanicos-y-pintura.png' data-rel='gallery-1' data-prev-img='https:\/\/www.gmecnorte.com\/wp-content\/uploads\/2026\/03\/Mision-Montajes-mecanicos-y-pintura-495x400.png' class='lightbox ' data-onclick='2' title='Misi\u00f3n Montajes mec\u00e1nicos y pintura'  itemprop=\"thumbnailUrl\" ><img data-avia-tooltip='Misi\u00f3n Montajes mec\u00e1nicos y pintura' src='https:\/\/www.gmecnorte.com\/wp-content\/uploads\/2026\/03\/Mision-Montajes-mecanicos-y-pintura-495x400.png' width='495' height='400'  title='Misi\u00f3n Montajes mec\u00e1nicos y pintura' alt='Misi\u00f3n Montajes mec\u00e1nicos y pintura' \/><\/a><\/div><\/div><\/p>\n<\/div><\/div><\/div><\/div><\/div><\/div><!-- close content main div --><\/div><\/div><div id='av_section_2' class='avia-section main_color avia-section-default avia-no-border-styling avia-full-stretch avia-bg-style-scroll   container_wrap fullsize' style = 'background-repeat: no-repeat; background-image: url(https:\/\/www.gmecnorte.com\/wp-content\/uploads\/2019\/02\/cabecera-interior-4.jpg); background-attachment: scroll; background-position: top left; ' data-section-bg-repeat='stretch' ><div class='container' ><div class='template-page content  av-content-full alpha units'><div class='post-entry post-entry-type-page post-entry-1275'><div class='entry-content-wrapper clearfix'>\n<div style='padding-bottom:10px;' class='av-special-heading av-special-heading-h1  blockquote modern-quote modern-centered  '><h1 class='av-special-heading-tag '  itemprop=\"headline\"  >\u00c9volution historique de GMN<\/h1><div class='special-heading-border'><div class='special-heading-inner-border' ><\/div><\/div><\/div>\n<\/p>\n<\/div><\/div><\/div><!-- close content main div --><\/div><\/div><div id='av_section_3' class='avia-section main_color avia-section-default avia-no-shadow avia-bg-style-scroll   container_wrap fullsize'   ><div class='container' ><div class='template-page content  av-content-full alpha units'><div class='post-entry post-entry-type-page post-entry-1275'><div class='entry-content-wrapper clearfix'>\n<div class=\"flex_column av_one_half  flex_column_div av-zero-column-padding first  \" style='border-radius:0px; '><p><div style='padding-bottom:30px;' class='av-special-heading av-special-heading-h2  blockquote modern-quote   '><h2 class='av-special-heading-tag '  itemprop=\"headline\"  >1990<\/h2><div class='special-heading-border'><div class='special-heading-inner-border' ><\/div><\/div><\/div><br \/>\n<section class=\"av_textblock_section \"  itemscope=\"itemscope\" itemtype=\"https:\/\/schema.org\/CreativeWork\" ><div class='avia_textblock  '   itemprop=\"text\" ><ul>\n<li>GMN na\u00eet en 1990 en tant que section interne d&rsquo;usinage de <b>Tornos Gurutzpe <\/b>(fabricant de tours CNC de <b>grande <\/b>capacit\u00e9).<\/li>\n<\/ul>\n<\/div><\/section><\/p><\/div><div class=\"flex_column av_one_half  flex_column_div av-zero-column-padding   \" style='border-radius:0px; '><div class='avia-image-container  av-styling-    avia-align-center '  itemprop=\"ImageObject\" itemscope=\"itemscope\" itemtype=\"https:\/\/schema.org\/ImageObject\"  ><div class='avia-image-container-inner'><img class='avia_image ' src='https:\/\/www.gmecnorte.com\/wp-content\/uploads\/2024\/03\/historia_1990.jpg' alt='' title='historia_1990'   itemprop=\"thumbnailUrl\"  \/><\/div><\/div><\/div><div style=' margin-top:0; margin-bottom:30px;'  class='hr hr-custom hr-center hr-icon-yes  av-desktop-hide av-medium-hide av-small-hide av-mini-hide '><span class='hr-inner   inner-border-av-border-thin' style=' width:50px; border-color:#0089cf;' ><span class='hr-inner-style'><\/span><\/span><span class='av-seperator-icon'  aria-hidden='true' data-av_icon='\ue877' data-av_iconfont='entypo-fontello'><\/span><span class='hr-inner   inner-border-av-border-thin' style=' width:50px; border-color:#0089cf;' ><span class='hr-inner-style'><\/span><\/span><\/div>\n\n<\/div><\/div><\/div><!-- close content main div --><\/div><\/div><div id='av_section_4' class='avia-section main_color avia-section-default avia-no-shadow avia-bg-style-scroll   container_wrap fullsize'   ><div class='container' ><div class='template-page content  av-content-full alpha units'><div class='post-entry post-entry-type-page post-entry-1275'><div class='entry-content-wrapper clearfix'>\n<div class=\"flex_column av_one_half  flex_column_div av-zero-column-padding first  \" style='border-radius:0px; '><div class='avia-image-container  av-styling-    avia-align-center '  itemprop=\"ImageObject\" itemscope=\"itemscope\" itemtype=\"https:\/\/schema.org\/ImageObject\"  ><div class='avia-image-container-inner'><img class='avia_image ' src='https:\/\/www.gmecnorte.com\/wp-content\/uploads\/2024\/03\/historia_2005.jpg' alt='' title='historia_2005'   itemprop=\"thumbnailUrl\"  \/><\/div><\/div><\/div><div class=\"flex_column av_one_half  flex_column_div av-zero-column-padding   \" style='border-radius:0px; '><p><div style='padding-bottom:30px;' class='av-special-heading av-special-heading-h2  blockquote modern-quote   '><h2 class='av-special-heading-tag '  itemprop=\"headline\"  >2005<\/h2><div class='special-heading-border'><div class='special-heading-inner-border' ><\/div><\/div><\/div><br \/>\n<section class=\"av_textblock_section \"  itemscope=\"itemscope\" itemtype=\"https:\/\/schema.org\/CreativeWork\" ><div class='avia_textblock  '   itemprop=\"text\" ><ul>\n<li>En 2005, GMN se constitue en soci\u00e9t\u00e9 ind\u00e9pendante orient\u00e9e vers l&rsquo;usinage de <b>grands composants<\/b>. Orientation vers l&rsquo;usinage pour le secteur \u00e9olien et la machine-outil.<\/li>\n<li>Forts investissements dans des fraiseuses Zayer et CME de grande capacit\u00e9<\/li>\n<\/ul>\n<\/div><\/section><\/p><\/div>\n\n<\/div><\/div><\/div><!-- close content main div --><\/div><\/div><div id='av_section_5' class='avia-section main_color avia-section-default avia-no-shadow avia-bg-style-scroll   container_wrap fullsize'   ><div class='container' ><div class='template-page content  av-content-full alpha units'><div class='post-entry post-entry-type-page post-entry-1275'><div class='entry-content-wrapper clearfix'>\n<div class=\"flex_column av_one_half  flex_column_div av-zero-column-padding first  \" style='border-radius:0px; '><p><div style='padding-bottom:30px;' class='av-special-heading av-special-heading-h2  blockquote modern-quote   '><h2 class='av-special-heading-tag '  itemprop=\"headline\"  >2020<\/h2><div class='special-heading-border'><div class='special-heading-inner-border' ><\/div><\/div><\/div><br \/>\n<section class=\"av_textblock_section \"  itemscope=\"itemscope\" itemtype=\"https:\/\/schema.org\/CreativeWork\" ><div class='avia_textblock  '   itemprop=\"text\" ><ul>\n<li>Investissement dans une nouvelle fraiseuse MTE<\/li>\n<li>Int\u00e9gration verticale\n<ul>\n<li>Extension de 2 200 m\u00b2 de hall orient\u00e9s vers la fabrication de grands composants de chaudronnerie, assemblage et peinture.<\/li>\n<\/ul>\n<\/li>\n<li>R\u00e9orientation strat\u00e9gique de l&rsquo;activit\u00e9 en abandonnant la fabrication de composants \u00e9oliens.<\/li>\n<\/ul>\n<\/div><\/section><\/p><\/div><div class=\"flex_column av_one_half  flex_column_div av-zero-column-padding   \" style='border-radius:0px; '><div  data-size='no scaling'  data-lightbox_size='large'  data-animation='slide'  data-ids='639'  data-video_counter='0'  data-autoplay='true'  data-bg_slider='false'  data-slide_height=''  data-handle='av_slideshow'  data-interval='4'  data-class=' '  data-css_id=''  data-scroll_down=''  data-control_layout='av-control-default'  data-custom_markup=''  data-perma_caption=''  data-autoplay_stopper=''  data-image_attachment=''  data-min_height='0px'  class='avia-slideshow avia-slideshow-2  av-control-default av-default-height-applied avia-slideshow-no scaling av_slideshow   avia-slide-slider '  itemprop=\"ImageObject\" itemscope=\"itemscope\" itemtype=\"https:\/\/schema.org\/ImageObject\" ><ul class='avia-slideshow-inner' style='padding-bottom: 75%;'><li  class=' av-single-slide slide-1 ' ><div data-rel='slideshow-2' class='avia-slide-wrap'  ><img src='https:\/\/www.gmecnorte.com\/wp-content\/uploads\/2024\/03\/2020.jpg' width='2016' height='1512' title='2020' alt=''  itemprop=\"thumbnailUrl\"   \/><\/div><\/li><\/ul><\/div><\/div>\n\n","protected":false},"excerpt":{"rendered":"","protected":false},"author":1,"featured_media":0,"parent":0,"menu_order":0,"comment_status":"closed","ping_status":"closed","template":"","meta":{"footnotes":""},"class_list":["post-1275","page","type-page","status-publish","hentry"],"yoast_head":"<!-- This site is optimized with the Yoast SEO plugin v26.0 - https:\/\/yoast.com\/wordpress\/plugins\/seo\/ -->\n<title>GMN - Mecanizados GMNorte<\/title>\n<meta name=\"description\" content=\"L&#039;histoire de GMN refl\u00e8te des d\u00e9cennies d&#039;exp\u00e9rience dans la production, l&#039;usinage et l&#039;assemblage de grands composants, en offrant des solutions int\u00e9grales aux secteurs les plus exigeants des biens d&#039;\u00e9quipement.\" \/>\n<meta name=\"robots\" content=\"index, follow, max-snippet:-1, max-image-preview:large, max-video-preview:-1\" \/>\n<link rel=\"canonical\" href=\"https:\/\/www.gmecnorte.com\/fr\/gmn\/\" \/>\n<meta property=\"og:locale\" content=\"fr_FR\" \/>\n<meta property=\"og:type\" content=\"article\" \/>\n<meta property=\"og:title\" content=\"GMN - Mecanizados GMNorte\" \/>\n<meta property=\"og:description\" content=\"L&#039;histoire de GMN refl\u00e8te des d\u00e9cennies d&#039;exp\u00e9rience dans la production, l&#039;usinage et l&#039;assemblage de grands composants, en offrant des solutions int\u00e9grales aux secteurs les plus exigeants des biens d&#039;\u00e9quipement.\" \/>\n<meta property=\"og:url\" content=\"https:\/\/www.gmecnorte.com\/fr\/gmn\/\" \/>\n<meta property=\"og:site_name\" content=\"Mecanizados GMNorte\" \/>\n<meta property=\"article:modified_time\" content=\"2026-04-29T08:01:40+00:00\" \/>\n<meta name=\"twitter:card\" content=\"summary_large_image\" \/>\n<meta name=\"twitter:label1\" content=\"Dur\u00e9e de lecture estim\u00e9e\" \/>\n\t<meta name=\"twitter:data1\" content=\"5 minutes\" \/>\n<script type=\"application\/ld+json\" class=\"yoast-schema-graph\">{\"@context\":\"https:\/\/schema.org\",\"@graph\":[{\"@type\":\"WebPage\",\"@id\":\"https:\/\/www.gmecnorte.com\/fr\/gmn\/\",\"url\":\"https:\/\/www.gmecnorte.com\/fr\/gmn\/\",\"name\":\"GMN - Mecanizados GMNorte\",\"isPartOf\":{\"@id\":\"https:\/\/www.gmecnorte.com\/#website\"},\"datePublished\":\"2026-04-29T07:35:23+00:00\",\"dateModified\":\"2026-04-29T08:01:40+00:00\",\"description\":\"L'histoire de GMN refl\u00e8te des d\u00e9cennies d'exp\u00e9rience dans la production, l'usinage et l'assemblage de grands composants, en offrant des solutions int\u00e9grales aux secteurs les plus exigeants des biens d'\u00e9quipement.\",\"breadcrumb\":{\"@id\":\"https:\/\/www.gmecnorte.com\/fr\/gmn\/#breadcrumb\"},\"inLanguage\":\"fr-FR\",\"potentialAction\":[{\"@type\":\"ReadAction\",\"target\":[\"https:\/\/www.gmecnorte.com\/fr\/gmn\/\"]}]},{\"@type\":\"BreadcrumbList\",\"@id\":\"https:\/\/www.gmecnorte.com\/fr\/gmn\/#breadcrumb\",\"itemListElement\":[{\"@type\":\"ListItem\",\"position\":1,\"name\":\"Portada\",\"item\":\"https:\/\/www.gmecnorte.com\/fr\/accueil-2\/\"},{\"@type\":\"ListItem\",\"position\":2,\"name\":\"GMN\"}]},{\"@type\":\"WebSite\",\"@id\":\"https:\/\/www.gmecnorte.com\/#website\",\"url\":\"https:\/\/www.gmecnorte.com\/\",\"name\":\"Mecanizados GMNorte\",\"description\":\"Grandes mecanizados\",\"potentialAction\":[{\"@type\":\"SearchAction\",\"target\":{\"@type\":\"EntryPoint\",\"urlTemplate\":\"https:\/\/www.gmecnorte.com\/?s={search_term_string}\"},\"query-input\":{\"@type\":\"PropertyValueSpecification\",\"valueRequired\":true,\"valueName\":\"search_term_string\"}}],\"inLanguage\":\"fr-FR\"}]}<\/script>\n<!-- \/ Yoast SEO plugin. -->","yoast_head_json":{"title":"GMN - Mecanizados GMNorte","description":"L'histoire de GMN refl\u00e8te des d\u00e9cennies d'exp\u00e9rience dans la production, l'usinage et l'assemblage de grands composants, en offrant des solutions int\u00e9grales aux secteurs les plus exigeants des biens d'\u00e9quipement.","robots":{"index":"index","follow":"follow","max-snippet":"max-snippet:-1","max-image-preview":"max-image-preview:large","max-video-preview":"max-video-preview:-1"},"canonical":"https:\/\/www.gmecnorte.com\/fr\/gmn\/","og_locale":"fr_FR","og_type":"article","og_title":"GMN - Mecanizados GMNorte","og_description":"L'histoire de GMN refl\u00e8te des d\u00e9cennies d'exp\u00e9rience dans la production, l'usinage et l'assemblage de grands composants, en offrant des solutions int\u00e9grales aux secteurs les plus exigeants des biens d'\u00e9quipement.","og_url":"https:\/\/www.gmecnorte.com\/fr\/gmn\/","og_site_name":"Mecanizados GMNorte","article_modified_time":"2026-04-29T08:01:40+00:00","twitter_card":"summary_large_image","twitter_misc":{"Dur\u00e9e de lecture estim\u00e9e":"5 minutes"},"schema":{"@context":"https:\/\/schema.org","@graph":[{"@type":"WebPage","@id":"https:\/\/www.gmecnorte.com\/fr\/gmn\/","url":"https:\/\/www.gmecnorte.com\/fr\/gmn\/","name":"GMN - Mecanizados GMNorte","isPartOf":{"@id":"https:\/\/www.gmecnorte.com\/#website"},"datePublished":"2026-04-29T07:35:23+00:00","dateModified":"2026-04-29T08:01:40+00:00","description":"L'histoire de GMN refl\u00e8te des d\u00e9cennies d'exp\u00e9rience dans la production, l'usinage et l'assemblage de grands composants, en offrant des solutions int\u00e9grales aux secteurs les plus exigeants des biens d'\u00e9quipement.","breadcrumb":{"@id":"https:\/\/www.gmecnorte.com\/fr\/gmn\/#breadcrumb"},"inLanguage":"fr-FR","potentialAction":[{"@type":"ReadAction","target":["https:\/\/www.gmecnorte.com\/fr\/gmn\/"]}]},{"@type":"BreadcrumbList","@id":"https:\/\/www.gmecnorte.com\/fr\/gmn\/#breadcrumb","itemListElement":[{"@type":"ListItem","position":1,"name":"Portada","item":"https:\/\/www.gmecnorte.com\/fr\/accueil-2\/"},{"@type":"ListItem","position":2,"name":"GMN"}]},{"@type":"WebSite","@id":"https:\/\/www.gmecnorte.com\/#website","url":"https:\/\/www.gmecnorte.com\/","name":"Mecanizados GMNorte","description":"Grandes mecanizados","potentialAction":[{"@type":"SearchAction","target":{"@type":"EntryPoint","urlTemplate":"https:\/\/www.gmecnorte.com\/?s={search_term_string}"},"query-input":{"@type":"PropertyValueSpecification","valueRequired":true,"valueName":"search_term_string"}}],"inLanguage":"fr-FR"}]}},"_links":{"self":[{"href":"https:\/\/www.gmecnorte.com\/fr\/wp-json\/wp\/v2\/pages\/1275","targetHints":{"allow":["GET"]}}],"collection":[{"href":"https:\/\/www.gmecnorte.com\/fr\/wp-json\/wp\/v2\/pages"}],"about":[{"href":"https:\/\/www.gmecnorte.com\/fr\/wp-json\/wp\/v2\/types\/page"}],"author":[{"embeddable":true,"href":"https:\/\/www.gmecnorte.com\/fr\/wp-json\/wp\/v2\/users\/1"}],"replies":[{"embeddable":true,"href":"https:\/\/www.gmecnorte.com\/fr\/wp-json\/wp\/v2\/comments?post=1275"}],"version-history":[{"count":5,"href":"https:\/\/www.gmecnorte.com\/fr\/wp-json\/wp\/v2\/pages\/1275\/revisions"}],"predecessor-version":[{"id":1283,"href":"https:\/\/www.gmecnorte.com\/fr\/wp-json\/wp\/v2\/pages\/1275\/revisions\/1283"}],"wp:attachment":[{"href":"https:\/\/www.gmecnorte.com\/fr\/wp-json\/wp\/v2\/media?parent=1275"}],"curies":[{"name":"wp","href":"https:\/\/api.w.org\/{rel}","templated":true}]}}