{"id":1336,"date":"2026-04-29T11:56:11","date_gmt":"2026-04-29T09:56:11","guid":{"rendered":"https:\/\/www.gmecnorte.com\/assemblages-mecaniques-et-peinture\/"},"modified":"2026-04-29T11:56:16","modified_gmt":"2026-04-29T09:56:16","slug":"assemblages-mecaniques-et-peinture","status":"publish","type":"page","link":"https:\/\/www.gmecnorte.com\/fr\/assemblages-mecaniques-et-peinture\/","title":{"rendered":"Assemblages m\u00e9caniques et peinture"},"content":{"rendered":"<\/div><\/div><\/div><!-- close content main div --><\/div><\/div><div id='av_section_1' class='avia-section main_color avia-section-default avia-no-border-styling avia-full-stretch avia-bg-style-scroll   container_wrap fullsize' style = 'background-repeat: no-repeat; background-image: url(https:\/\/www.gmecnorte.com\/wp-content\/uploads\/2018\/06\/cabecera-interior.jpg); background-attachment: scroll; background-position: top left; ' data-section-bg-repeat='stretch' ><div class='container' ><div class='template-page content  av-content-full alpha units'><div class='post-entry post-entry-type-page post-entry-1336'><div class='entry-content-wrapper clearfix'>\n<div style='padding-bottom:10px;' class='av-special-heading av-special-heading-h1  blockquote modern-quote modern-centered  '><h1 class='av-special-heading-tag '  itemprop=\"headline\"  >Assemblages m\u00e9caniques et peinture<\/h1><div class='special-heading-border'><div class='special-heading-inner-border' ><\/div><\/div><\/div>\n\n<\/div><\/div><\/div><!-- close content main div --><\/div><\/div><div id='av_section_2' class='avia-section main_color avia-section-default avia-no-border-styling avia-bg-style-scroll   container_wrap fullsize'   ><div class='container' ><div class='template-page content  av-content-full alpha units'><div class='post-entry post-entry-type-page post-entry-1336'><div class='entry-content-wrapper clearfix'>\n<section class=\"av_textblock_section \"  itemscope=\"itemscope\" itemtype=\"https:\/\/schema.org\/CreativeWork\" ><div class='avia_textblock  '   itemprop=\"text\" ><h2 style=\"text-align: center;\">Assemblages de sous-ensembles m\u00e9caniques<\/h2>\n<ul style=\"font-weight: 400;\">\n<li><em>Chez GMN, nous disposons d&rsquo;une unit\u00e9 d&rsquo;assemblages de sous-ensembles (m\u00e9caniques, \u00e9lectriques, hydrauliques et pneumatiques). Nous disposons \u00e9galement d&rsquo;installations pour la peinture des pi\u00e8ces fabriqu\u00e9es en interne.<\/em><\/li>\n<\/ul>\n<\/div><\/section>\n<div class=\"flex_column av_one_full  flex_column_div av-zero-column-padding first  \" style='border-radius:0px; '><p><div style='padding-bottom:20px;' class='av-special-heading av-special-heading-h2  blockquote modern-quote   '><h2 class='av-special-heading-tag '  itemprop=\"headline\"  >Installations d\u2019assemblage et de peinture<\/h2><div class='special-heading-border'><div class='special-heading-inner-border' ><\/div><\/div><\/div><br \/>\n<section class=\"av_textblock_section \"  itemscope=\"itemscope\" itemtype=\"https:\/\/schema.org\/CreativeWork\" ><div class='avia_textblock  '   itemprop=\"text\" ><ul>\n<li>2 200 m\u00b2<\/li>\n<li>3 Ponts roulants 20-20-22T<\/li>\n<\/ul>\n<\/div><\/section><br \/>\n<div class='avia-image-container  av-styling-    avia-align-center '  itemprop=\"ImageObject\" itemscope=\"itemscope\" itemtype=\"https:\/\/schema.org\/ImageObject\"  ><div class='avia-image-container-inner'><img class='avia_image ' src='https:\/\/www.gmecnorte.com\/wp-content\/uploads\/2024\/03\/montaje-pintura1.jpg' alt='' title='montaje-pintura1'   itemprop=\"thumbnailUrl\"  \/><\/div><\/div><\/p><\/div><div class=\"flex_column av_one_full  flex_column_div av-zero-column-padding first  \" style='border-radius:0px; '><p><div style='padding-bottom:20px;' class='av-special-heading av-special-heading-h2  blockquote modern-quote   '><h2 class='av-special-heading-tag '  itemprop=\"headline\"  >Installations d\u2019assemblage et de peinture<\/h2><div class='special-heading-border'><div class='special-heading-inner-border' ><\/div><\/div><\/div><br \/>\n<section class=\"av_textblock_section \"  itemscope=\"itemscope\" itemtype=\"https:\/\/schema.org\/CreativeWork\" ><div class='avia_textblock  '   itemprop=\"text\" ><ul>\n<li>2 200 m\u00b2<\/li>\n<li>3 Ponts roulants 20-20-22T<\/li>\n<\/ul>\n<\/div><\/section><br \/>\n<div class='avia-image-container  av-styling-    avia-align-center '  itemprop=\"ImageObject\" itemscope=\"itemscope\" itemtype=\"https:\/\/schema.org\/ImageObject\"  ><div class='avia-image-container-inner'><img class='avia_image ' src='https:\/\/www.gmecnorte.com\/wp-content\/uploads\/2024\/03\/montaje-pintura2.jpg' alt='' title='montaje-pintura2'   itemprop=\"thumbnailUrl\"  \/><\/div><\/div><\/p><\/div><div class=\"flex_column av_one_full  flex_column_div av-zero-column-padding first  \" style='border-radius:0px; '><p><div style='padding-bottom:20px;' class='av-special-heading av-special-heading-h2  blockquote modern-quote   '><h2 class='av-special-heading-tag '  itemprop=\"headline\"  >Installations d\u2019assemblage et de peinture<\/h2><div class='special-heading-border'><div class='special-heading-inner-border' ><\/div><\/div><\/div><br \/>\n<section class=\"av_textblock_section \"  itemscope=\"itemscope\" itemtype=\"https:\/\/schema.org\/CreativeWork\" ><div class='avia_textblock  '   itemprop=\"text\" ><ul>\n<li>2 200 m\u00b2<\/li>\n<li>3 Gr\u00faas 20-20-22Tn<\/li>\n<\/ul>\n<p><b>CABINE DE PEINTURE<\/b><\/p>\n<p>DIMENSIONS : 15 m x 8 m<\/p>\n<\/div><\/section><br \/>\n<div class='avia-image-container  av-styling-    avia-align-center '  itemprop=\"ImageObject\" itemscope=\"itemscope\" itemtype=\"https:\/\/schema.org\/ImageObject\"  ><div class='avia-image-container-inner'><img class='avia_image ' src='https:\/\/www.gmecnorte.com\/wp-content\/uploads\/2024\/03\/montaje-pintura3.jpg' alt='' title='montaje-pintura3'   itemprop=\"thumbnailUrl\"  \/><\/div><\/div><\/p><\/div>\n","protected":false},"excerpt":{"rendered":"","protected":false},"author":1,"featured_media":0,"parent":0,"menu_order":0,"comment_status":"closed","ping_status":"closed","template":"","meta":{"footnotes":""},"class_list":["post-1336","page","type-page","status-publish","hentry"],"yoast_head":"<!-- This site is optimized with the Yoast SEO plugin v26.0 - https:\/\/yoast.com\/wordpress\/plugins\/seo\/ -->\n<title>Assemblages m\u00e9tallom\u00e9canique de grands composants - Peinture de structures m\u00e9talliques<\/title>\n<meta name=\"description\" content=\"Chez GMN, nous disposons d&#039;une unit\u00e9 d&#039;assemblages de sous-ensembles (m\u00e9caniques, \u00e9lectriques, hydrauliques et pneumatiques). Peinture de structures m\u00e9talliques et pi\u00e8ces m\u00e9cano-soud\u00e9es.\" \/>\n<meta name=\"robots\" content=\"index, follow, max-snippet:-1, max-image-preview:large, max-video-preview:-1\" \/>\n<link rel=\"canonical\" href=\"https:\/\/www.gmecnorte.com\/fr\/assemblages-mecaniques-et-peinture\/\" \/>\n<meta property=\"og:locale\" content=\"fr_FR\" \/>\n<meta property=\"og:type\" content=\"article\" \/>\n<meta property=\"og:title\" content=\"Assemblages m\u00e9tallom\u00e9canique de grands composants - Peinture de structures m\u00e9talliques\" \/>\n<meta property=\"og:description\" content=\"Chez GMN, nous disposons d&#039;une unit\u00e9 d&#039;assemblages de sous-ensembles (m\u00e9caniques, \u00e9lectriques, hydrauliques et pneumatiques). Peinture de structures m\u00e9talliques et pi\u00e8ces m\u00e9cano-soud\u00e9es.\" \/>\n<meta property=\"og:url\" content=\"https:\/\/www.gmecnorte.com\/fr\/assemblages-mecaniques-et-peinture\/\" \/>\n<meta property=\"og:site_name\" content=\"Mecanizados GMNorte\" \/>\n<meta property=\"article:modified_time\" content=\"2026-04-29T09:56:16+00:00\" \/>\n<meta name=\"twitter:card\" content=\"summary_large_image\" \/>\n<meta name=\"twitter:label1\" content=\"Dur\u00e9e de lecture estim\u00e9e\" \/>\n\t<meta name=\"twitter:data1\" content=\"4 minutes\" \/>\n<script type=\"application\/ld+json\" class=\"yoast-schema-graph\">{\"@context\":\"https:\/\/schema.org\",\"@graph\":[{\"@type\":\"WebPage\",\"@id\":\"https:\/\/www.gmecnorte.com\/fr\/assemblages-mecaniques-et-peinture\/\",\"url\":\"https:\/\/www.gmecnorte.com\/fr\/assemblages-mecaniques-et-peinture\/\",\"name\":\"Assemblages m\u00e9tallom\u00e9canique de grands composants - Peinture de structures m\u00e9talliques\",\"isPartOf\":{\"@id\":\"https:\/\/www.gmecnorte.com\/#website\"},\"datePublished\":\"2026-04-29T09:56:11+00:00\",\"dateModified\":\"2026-04-29T09:56:16+00:00\",\"description\":\"Chez GMN, nous disposons d'une unit\u00e9 d'assemblages de sous-ensembles (m\u00e9caniques, \u00e9lectriques, hydrauliques et pneumatiques). Peinture de structures m\u00e9talliques et pi\u00e8ces m\u00e9cano-soud\u00e9es.\",\"breadcrumb\":{\"@id\":\"https:\/\/www.gmecnorte.com\/fr\/assemblages-mecaniques-et-peinture\/#breadcrumb\"},\"inLanguage\":\"fr-FR\",\"potentialAction\":[{\"@type\":\"ReadAction\",\"target\":[\"https:\/\/www.gmecnorte.com\/fr\/assemblages-mecaniques-et-peinture\/\"]}]},{\"@type\":\"BreadcrumbList\",\"@id\":\"https:\/\/www.gmecnorte.com\/fr\/assemblages-mecaniques-et-peinture\/#breadcrumb\",\"itemListElement\":[{\"@type\":\"ListItem\",\"position\":1,\"name\":\"Portada\",\"item\":\"https:\/\/www.gmecnorte.com\/fr\/accueil-2\/\"},{\"@type\":\"ListItem\",\"position\":2,\"name\":\"Assemblages m\u00e9caniques et peinture\"}]},{\"@type\":\"WebSite\",\"@id\":\"https:\/\/www.gmecnorte.com\/#website\",\"url\":\"https:\/\/www.gmecnorte.com\/\",\"name\":\"Mecanizados GMNorte\",\"description\":\"Grandes mecanizados\",\"potentialAction\":[{\"@type\":\"SearchAction\",\"target\":{\"@type\":\"EntryPoint\",\"urlTemplate\":\"https:\/\/www.gmecnorte.com\/?s={search_term_string}\"},\"query-input\":{\"@type\":\"PropertyValueSpecification\",\"valueRequired\":true,\"valueName\":\"search_term_string\"}}],\"inLanguage\":\"fr-FR\"}]}<\/script>\n<!-- \/ Yoast SEO plugin. -->","yoast_head_json":{"title":"Assemblages m\u00e9tallom\u00e9canique de grands composants - Peinture de structures m\u00e9talliques","description":"Chez GMN, nous disposons d'une unit\u00e9 d'assemblages de sous-ensembles (m\u00e9caniques, \u00e9lectriques, hydrauliques et pneumatiques). Peinture de structures m\u00e9talliques et pi\u00e8ces m\u00e9cano-soud\u00e9es.","robots":{"index":"index","follow":"follow","max-snippet":"max-snippet:-1","max-image-preview":"max-image-preview:large","max-video-preview":"max-video-preview:-1"},"canonical":"https:\/\/www.gmecnorte.com\/fr\/assemblages-mecaniques-et-peinture\/","og_locale":"fr_FR","og_type":"article","og_title":"Assemblages m\u00e9tallom\u00e9canique de grands composants - Peinture de structures m\u00e9talliques","og_description":"Chez GMN, nous disposons d'une unit\u00e9 d'assemblages de sous-ensembles (m\u00e9caniques, \u00e9lectriques, hydrauliques et pneumatiques). Peinture de structures m\u00e9talliques et pi\u00e8ces m\u00e9cano-soud\u00e9es.","og_url":"https:\/\/www.gmecnorte.com\/fr\/assemblages-mecaniques-et-peinture\/","og_site_name":"Mecanizados GMNorte","article_modified_time":"2026-04-29T09:56:16+00:00","twitter_card":"summary_large_image","twitter_misc":{"Dur\u00e9e de lecture estim\u00e9e":"4 minutes"},"schema":{"@context":"https:\/\/schema.org","@graph":[{"@type":"WebPage","@id":"https:\/\/www.gmecnorte.com\/fr\/assemblages-mecaniques-et-peinture\/","url":"https:\/\/www.gmecnorte.com\/fr\/assemblages-mecaniques-et-peinture\/","name":"Assemblages m\u00e9tallom\u00e9canique de grands composants - Peinture de structures m\u00e9talliques","isPartOf":{"@id":"https:\/\/www.gmecnorte.com\/#website"},"datePublished":"2026-04-29T09:56:11+00:00","dateModified":"2026-04-29T09:56:16+00:00","description":"Chez GMN, nous disposons d'une unit\u00e9 d'assemblages de sous-ensembles (m\u00e9caniques, \u00e9lectriques, hydrauliques et pneumatiques). Peinture de structures m\u00e9talliques et pi\u00e8ces m\u00e9cano-soud\u00e9es.","breadcrumb":{"@id":"https:\/\/www.gmecnorte.com\/fr\/assemblages-mecaniques-et-peinture\/#breadcrumb"},"inLanguage":"fr-FR","potentialAction":[{"@type":"ReadAction","target":["https:\/\/www.gmecnorte.com\/fr\/assemblages-mecaniques-et-peinture\/"]}]},{"@type":"BreadcrumbList","@id":"https:\/\/www.gmecnorte.com\/fr\/assemblages-mecaniques-et-peinture\/#breadcrumb","itemListElement":[{"@type":"ListItem","position":1,"name":"Portada","item":"https:\/\/www.gmecnorte.com\/fr\/accueil-2\/"},{"@type":"ListItem","position":2,"name":"Assemblages m\u00e9caniques et peinture"}]},{"@type":"WebSite","@id":"https:\/\/www.gmecnorte.com\/#website","url":"https:\/\/www.gmecnorte.com\/","name":"Mecanizados GMNorte","description":"Grandes mecanizados","potentialAction":[{"@type":"SearchAction","target":{"@type":"EntryPoint","urlTemplate":"https:\/\/www.gmecnorte.com\/?s={search_term_string}"},"query-input":{"@type":"PropertyValueSpecification","valueRequired":true,"valueName":"search_term_string"}}],"inLanguage":"fr-FR"}]}},"_links":{"self":[{"href":"https:\/\/www.gmecnorte.com\/fr\/wp-json\/wp\/v2\/pages\/1336","targetHints":{"allow":["GET"]}}],"collection":[{"href":"https:\/\/www.gmecnorte.com\/fr\/wp-json\/wp\/v2\/pages"}],"about":[{"href":"https:\/\/www.gmecnorte.com\/fr\/wp-json\/wp\/v2\/types\/page"}],"author":[{"embeddable":true,"href":"https:\/\/www.gmecnorte.com\/fr\/wp-json\/wp\/v2\/users\/1"}],"replies":[{"embeddable":true,"href":"https:\/\/www.gmecnorte.com\/fr\/wp-json\/wp\/v2\/comments?post=1336"}],"version-history":[{"count":3,"href":"https:\/\/www.gmecnorte.com\/fr\/wp-json\/wp\/v2\/pages\/1336\/revisions"}],"predecessor-version":[{"id":1339,"href":"https:\/\/www.gmecnorte.com\/fr\/wp-json\/wp\/v2\/pages\/1336\/revisions\/1339"}],"wp:attachment":[{"href":"https:\/\/www.gmecnorte.com\/fr\/wp-json\/wp\/v2\/media?parent=1336"}],"curies":[{"name":"wp","href":"https:\/\/api.w.org\/{rel}","templated":true}]}}