{"id":1340,"date":"2026-04-29T12:01:52","date_gmt":"2026-04-29T10:01:52","guid":{"rendered":"https:\/\/www.gmecnorte.com\/installation-solaire-photovoltaique-pour-autoconsommation\/"},"modified":"2026-04-29T12:07:29","modified_gmt":"2026-04-29T10:07:29","slug":"installation-solaire-photovoltaique-pour-autoconsommation","status":"publish","type":"page","link":"https:\/\/www.gmecnorte.com\/fr\/installation-solaire-photovoltaique-pour-autoconsommation\/","title":{"rendered":"INSTALLATION SOLAIRE PHOTOVOLTA\u00cfQUE POUR AUTOCONSOMMATION"},"content":{"rendered":"<\/div><\/div><\/div><!-- close content main div --><\/div><\/div><div id='av_section_1' class='avia-section main_color avia-section-default avia-no-border-styling avia-full-stretch avia-bg-style-scroll   container_wrap fullsize' style = 'background-repeat: no-repeat; background-image: url(https:\/\/www.gmecnorte.com\/wp-content\/uploads\/2018\/06\/cabecera-interior.jpg); background-attachment: scroll; background-position: top left; ' data-section-bg-repeat='stretch' ><div class='container' ><div class='template-page content  av-content-full alpha units'><div class='post-entry post-entry-type-page post-entry-1340'><div class='entry-content-wrapper clearfix'>\n<div style='padding-bottom:10px;' class='av-special-heading av-special-heading-h1  blockquote modern-quote modern-centered  '><h1 class='av-special-heading-tag '  itemprop=\"headline\"  >INSTALLATION SOLAIRE PHOTOVOLTA\u00cfQUE POUR AUTOCONSOMMATION<\/h1><div class='special-heading-border'><div class='special-heading-inner-border' ><\/div><\/div><\/div>\n\n<section class=\"av_textblock_section \"  itemscope=\"itemscope\" itemtype=\"https:\/\/schema.org\/CreativeWork\" ><div class='avia_textblock  '   itemprop=\"text\" ><div class=\"et_pb_module et_pb_text et_pb_text_1 et_pb_text_align_center et_pb_bg_layout_light\" style=\"text-align: center;\">\n<div class=\"et_pb_text_inner\">\n<p>Projet soutenu par le programme d&rsquo;incitations li\u00e9 \u00e0 l&rsquo;autoconsommation et au stockage, avec des sources d&rsquo;\u00e9nergie renouvelables, ainsi qu&rsquo;\u00e0 la mise en \u0153uvre de syst\u00e8mes thermiques renouvelables dans le secteur r\u00e9sidentiel dans le cadre du Plan de Relance, de Transformation et de R\u00e9silience, financ\u00e9 par l&rsquo;Union Europ\u00e9enne \u2013 NextGenerationEU<\/p>\n<\/div>\n<\/div>\n<div class=\"et_pb_module et_pb_text et_pb_text_2 et_pb_text_align_center et_pb_bg_layout_light\" style=\"text-align: center;\">\n<div class=\"et_pb_text_inner\"><span style=\"color: #0000ff;\">#PlanDeRecuperaci\u00f3n<\/span><\/div>\n<\/div>\n<\/div><\/section>\n<div class=\"flex_column av_one_full  flex_column_div av-zero-column-padding first  \" style='border-radius:0px; '><div class='avia-image-container  av-styling-    avia-align-center '  itemprop=\"ImageObject\" itemscope=\"itemscope\" itemtype=\"https:\/\/schema.org\/ImageObject\"  ><div class='avia-image-container-inner'><img class='avia_image ' src='https:\/\/www.gmecnorte.com\/wp-content\/uploads\/2023\/06\/Captura-de-pantalla-2023-06-30-a-las-14.51.43.png' alt='' title='Captura de pantalla 2023-06-30 a las 14.51.43'   itemprop=\"thumbnailUrl\"  \/><\/div><\/div><\/div><\/div><\/div><\/div><!-- close content main div --><\/div><\/div><div id='av_section_2' class='avia-section main_color avia-section-default avia-no-shadow avia-bg-style-scroll   container_wrap fullsize'   ><div class='container' ><div class='template-page content  av-content-full alpha units'><div class='post-entry post-entry-type-page post-entry-1340'><div class='entry-content-wrapper clearfix'>\n<div class=\"flex_column av_one_third  flex_column_div av-zero-column-padding first  \" style='border-radius:0px; '><div class='avia-image-container  av-styling-    avia-align-center '  itemprop=\"ImageObject\" itemscope=\"itemscope\" itemtype=\"https:\/\/schema.org\/ImageObject\"  ><div class='avia-image-container-inner'><img class='avia_image ' src='https:\/\/www.gmecnorte.com\/wp-content\/uploads\/2023\/04\/IMG_20220406_155719.jpg' alt='' title='IMG_20220406_155719'   itemprop=\"thumbnailUrl\"  \/><\/div><\/div><\/div><div class=\"flex_column av_one_third  flex_column_div av-zero-column-padding   \" style='border-radius:0px; '><div class='avia-image-container  av-styling-    avia-align-center '  itemprop=\"ImageObject\" itemscope=\"itemscope\" itemtype=\"https:\/\/schema.org\/ImageObject\"  ><div class='avia-image-container-inner'><img class='avia_image ' src='https:\/\/www.gmecnorte.com\/wp-content\/uploads\/2023\/04\/IMG_20220406_155040.jpg' alt='' title='IMG_20220406_155040'   itemprop=\"thumbnailUrl\"  \/><\/div><\/div><\/div><div class=\"flex_column av_one_third  flex_column_div av-zero-column-padding   \" style='border-radius:0px; '><div class='avia-image-container  av-styling-    avia-align-center '  itemprop=\"ImageObject\" itemscope=\"itemscope\" itemtype=\"https:\/\/schema.org\/ImageObject\"  ><div class='avia-image-container-inner'><img class='avia_image ' src='https:\/\/www.gmecnorte.com\/wp-content\/uploads\/2023\/04\/IMG_20220406_154930.jpg' alt='' title='IMG_20220406_154930'   itemprop=\"thumbnailUrl\"  \/><\/div><\/div><\/div>\n<\/p>\n<\/div><\/div><\/div><!-- close content main div --><\/div><\/div><div id='av_section_3' class='avia-section main_color avia-section-default avia-no-shadow avia-bg-style-scroll   container_wrap fullsize'   ><div class='container' ><div class='template-page content  av-content-full alpha units'><div class='post-entry post-entry-type-page post-entry-1340'><div class='entry-content-wrapper clearfix'>\n<div class=\"flex_column av_one_half  flex_column_div av-zero-column-padding first  \" style='border-radius:0px; '><div class='avia-image-container  av-styling-    avia-align-left '  itemprop=\"ImageObject\" itemscope=\"itemscope\" itemtype=\"https:\/\/schema.org\/ImageObject\"  ><div class='avia-image-container-inner'><img class='avia_image ' src='https:\/\/www.gmecnorte.com\/wp-content\/uploads\/2023\/04\/logotipo-europa.png' alt='' title='logotipo-europa'   itemprop=\"thumbnailUrl\"  \/><\/div><\/div><\/div><div class=\"flex_column av_one_half  flex_column_div av-zero-column-padding   \" style='border-radius:0px; '><div class='avia-image-container  av-styling-    avia-align-right '  itemprop=\"ImageObject\" itemscope=\"itemscope\" itemtype=\"https:\/\/schema.org\/ImageObject\"  ><div class='avia-image-container-inner'><img class='avia_image ' src='https:\/\/www.gmecnorte.com\/wp-content\/uploads\/2023\/04\/logotipo-plan.png' alt='' title='logotipo-plan'   itemprop=\"thumbnailUrl\"  \/><\/div><\/div><\/div><div style='height:50px' class='hr hr-invisible  '><span class='hr-inner ' ><span class='hr-inner-style'><\/span><\/span><\/div>\n<section class=\"av_textblock_section \"  itemscope=\"itemscope\" itemtype=\"https:\/\/schema.org\/CreativeWork\" ><div class='avia_textblock  '   itemprop=\"text\" ><div class=\"et_pb_module et_pb_text et_pb_text_1 et_pb_text_align_center et_pb_bg_layout_light\" style=\"text-align: center;\">\n<div class=\"et_pb_text_inner\"><\/div>\n<\/div>\n<div class=\"et_pb_module et_pb_text et_pb_text_3 et_pb_text_align_left et_pb_bg_layout_light\" style=\"text-align: center;\">\n<div class=\"et_pb_text_inner\">\n<p>B\u00e9n\u00e9ficiaire : GRANDES MECANIZADOS DEL NORTE, S.A.<br \/>\nComposante (C7:l1) : ACTION DE G\u00c9N\u00c9RATION D&rsquo;\u00c9NERGIE RENOUVELABLE<br \/>\nInvestissement total : 50 227,3 \u20ac<br \/>\nMontant de l&rsquo;aide : 20 603,60 \u20ac<br \/>\nPuissance (kW) : 73,47<br \/>\nDossier : 00688-P3A2R-2021 \/ D\u00e9cret Royal 477\/2021<\/p>\n<\/div>\n<\/div>\n<\/div><\/section>\n\n","protected":false},"excerpt":{"rendered":"","protected":false},"author":1,"featured_media":0,"parent":0,"menu_order":0,"comment_status":"closed","ping_status":"closed","template":"","meta":{"footnotes":""},"class_list":["post-1340","page","type-page","status-publish","hentry"],"yoast_head":"<!-- This site is optimized with the Yoast SEO plugin v26.0 - https:\/\/yoast.com\/wordpress\/plugins\/seo\/ -->\n<title>INSTALLATION SOLAIRE PHOTOVOLTA\u00cfQUE POUR AUTOCONSOMMATION - Mecanizados GMNorte<\/title>\n<meta name=\"robots\" content=\"index, follow, max-snippet:-1, max-image-preview:large, max-video-preview:-1\" \/>\n<link rel=\"canonical\" href=\"https:\/\/www.gmecnorte.com\/fr\/installation-solaire-photovoltaique-pour-autoconsommation\/\" \/>\n<meta property=\"og:locale\" content=\"fr_FR\" \/>\n<meta property=\"og:type\" content=\"article\" \/>\n<meta property=\"og:title\" content=\"INSTALLATION SOLAIRE PHOTOVOLTA\u00cfQUE POUR AUTOCONSOMMATION - Mecanizados GMNorte\" \/>\n<meta property=\"og:url\" content=\"https:\/\/www.gmecnorte.com\/fr\/installation-solaire-photovoltaique-pour-autoconsommation\/\" \/>\n<meta property=\"og:site_name\" content=\"Mecanizados GMNorte\" \/>\n<meta property=\"article:modified_time\" content=\"2026-04-29T10:07:29+00:00\" \/>\n<meta name=\"twitter:card\" content=\"summary_large_image\" \/>\n<meta name=\"twitter:label1\" content=\"Dur\u00e9e de lecture estim\u00e9e\" \/>\n\t<meta name=\"twitter:data1\" content=\"3 minutes\" \/>\n<script type=\"application\/ld+json\" class=\"yoast-schema-graph\">{\"@context\":\"https:\/\/schema.org\",\"@graph\":[{\"@type\":\"WebPage\",\"@id\":\"https:\/\/www.gmecnorte.com\/fr\/installation-solaire-photovoltaique-pour-autoconsommation\/\",\"url\":\"https:\/\/www.gmecnorte.com\/fr\/installation-solaire-photovoltaique-pour-autoconsommation\/\",\"name\":\"INSTALLATION SOLAIRE PHOTOVOLTA\u00cfQUE POUR AUTOCONSOMMATION - Mecanizados GMNorte\",\"isPartOf\":{\"@id\":\"https:\/\/www.gmecnorte.com\/#website\"},\"datePublished\":\"2026-04-29T10:01:52+00:00\",\"dateModified\":\"2026-04-29T10:07:29+00:00\",\"breadcrumb\":{\"@id\":\"https:\/\/www.gmecnorte.com\/fr\/installation-solaire-photovoltaique-pour-autoconsommation\/#breadcrumb\"},\"inLanguage\":\"fr-FR\",\"potentialAction\":[{\"@type\":\"ReadAction\",\"target\":[\"https:\/\/www.gmecnorte.com\/fr\/installation-solaire-photovoltaique-pour-autoconsommation\/\"]}]},{\"@type\":\"BreadcrumbList\",\"@id\":\"https:\/\/www.gmecnorte.com\/fr\/installation-solaire-photovoltaique-pour-autoconsommation\/#breadcrumb\",\"itemListElement\":[{\"@type\":\"ListItem\",\"position\":1,\"name\":\"Portada\",\"item\":\"https:\/\/www.gmecnorte.com\/fr\/accueil-2\/\"},{\"@type\":\"ListItem\",\"position\":2,\"name\":\"INSTALLATION SOLAIRE PHOTOVOLTA\u00cfQUE POUR AUTOCONSOMMATION\"}]},{\"@type\":\"WebSite\",\"@id\":\"https:\/\/www.gmecnorte.com\/#website\",\"url\":\"https:\/\/www.gmecnorte.com\/\",\"name\":\"Mecanizados GMNorte\",\"description\":\"Grandes mecanizados\",\"potentialAction\":[{\"@type\":\"SearchAction\",\"target\":{\"@type\":\"EntryPoint\",\"urlTemplate\":\"https:\/\/www.gmecnorte.com\/?s={search_term_string}\"},\"query-input\":{\"@type\":\"PropertyValueSpecification\",\"valueRequired\":true,\"valueName\":\"search_term_string\"}}],\"inLanguage\":\"fr-FR\"}]}<\/script>\n<!-- \/ Yoast SEO plugin. -->","yoast_head_json":{"title":"INSTALLATION SOLAIRE PHOTOVOLTA\u00cfQUE POUR AUTOCONSOMMATION - Mecanizados GMNorte","robots":{"index":"index","follow":"follow","max-snippet":"max-snippet:-1","max-image-preview":"max-image-preview:large","max-video-preview":"max-video-preview:-1"},"canonical":"https:\/\/www.gmecnorte.com\/fr\/installation-solaire-photovoltaique-pour-autoconsommation\/","og_locale":"fr_FR","og_type":"article","og_title":"INSTALLATION SOLAIRE PHOTOVOLTA\u00cfQUE POUR AUTOCONSOMMATION - Mecanizados GMNorte","og_url":"https:\/\/www.gmecnorte.com\/fr\/installation-solaire-photovoltaique-pour-autoconsommation\/","og_site_name":"Mecanizados GMNorte","article_modified_time":"2026-04-29T10:07:29+00:00","twitter_card":"summary_large_image","twitter_misc":{"Dur\u00e9e de lecture estim\u00e9e":"3 minutes"},"schema":{"@context":"https:\/\/schema.org","@graph":[{"@type":"WebPage","@id":"https:\/\/www.gmecnorte.com\/fr\/installation-solaire-photovoltaique-pour-autoconsommation\/","url":"https:\/\/www.gmecnorte.com\/fr\/installation-solaire-photovoltaique-pour-autoconsommation\/","name":"INSTALLATION SOLAIRE PHOTOVOLTA\u00cfQUE POUR AUTOCONSOMMATION - Mecanizados GMNorte","isPartOf":{"@id":"https:\/\/www.gmecnorte.com\/#website"},"datePublished":"2026-04-29T10:01:52+00:00","dateModified":"2026-04-29T10:07:29+00:00","breadcrumb":{"@id":"https:\/\/www.gmecnorte.com\/fr\/installation-solaire-photovoltaique-pour-autoconsommation\/#breadcrumb"},"inLanguage":"fr-FR","potentialAction":[{"@type":"ReadAction","target":["https:\/\/www.gmecnorte.com\/fr\/installation-solaire-photovoltaique-pour-autoconsommation\/"]}]},{"@type":"BreadcrumbList","@id":"https:\/\/www.gmecnorte.com\/fr\/installation-solaire-photovoltaique-pour-autoconsommation\/#breadcrumb","itemListElement":[{"@type":"ListItem","position":1,"name":"Portada","item":"https:\/\/www.gmecnorte.com\/fr\/accueil-2\/"},{"@type":"ListItem","position":2,"name":"INSTALLATION SOLAIRE PHOTOVOLTA\u00cfQUE POUR AUTOCONSOMMATION"}]},{"@type":"WebSite","@id":"https:\/\/www.gmecnorte.com\/#website","url":"https:\/\/www.gmecnorte.com\/","name":"Mecanizados GMNorte","description":"Grandes mecanizados","potentialAction":[{"@type":"SearchAction","target":{"@type":"EntryPoint","urlTemplate":"https:\/\/www.gmecnorte.com\/?s={search_term_string}"},"query-input":{"@type":"PropertyValueSpecification","valueRequired":true,"valueName":"search_term_string"}}],"inLanguage":"fr-FR"}]}},"_links":{"self":[{"href":"https:\/\/www.gmecnorte.com\/fr\/wp-json\/wp\/v2\/pages\/1340","targetHints":{"allow":["GET"]}}],"collection":[{"href":"https:\/\/www.gmecnorte.com\/fr\/wp-json\/wp\/v2\/pages"}],"about":[{"href":"https:\/\/www.gmecnorte.com\/fr\/wp-json\/wp\/v2\/types\/page"}],"author":[{"embeddable":true,"href":"https:\/\/www.gmecnorte.com\/fr\/wp-json\/wp\/v2\/users\/1"}],"replies":[{"embeddable":true,"href":"https:\/\/www.gmecnorte.com\/fr\/wp-json\/wp\/v2\/comments?post=1340"}],"version-history":[{"count":7,"href":"https:\/\/www.gmecnorte.com\/fr\/wp-json\/wp\/v2\/pages\/1340\/revisions"}],"predecessor-version":[{"id":1352,"href":"https:\/\/www.gmecnorte.com\/fr\/wp-json\/wp\/v2\/pages\/1340\/revisions\/1352"}],"wp:attachment":[{"href":"https:\/\/www.gmecnorte.com\/fr\/wp-json\/wp\/v2\/media?parent=1340"}],"curies":[{"name":"wp","href":"https:\/\/api.w.org\/{rel}","templated":true}]}}