{"id":1433,"date":"2026-04-30T08:40:56","date_gmt":"2026-04-30T06:40:56","guid":{"rendered":"https:\/\/www.gmecnorte.com\/politique-de-confidentialite\/"},"modified":"2026-04-30T08:41:34","modified_gmt":"2026-04-30T06:41:34","slug":"politique-de-confidentialite","status":"publish","type":"page","link":"https:\/\/www.gmecnorte.com\/fr\/politique-de-confidentialite\/","title":{"rendered":"Politique de confidentialit\u00e9."},"content":{"rendered":"<\/div><\/div><\/div><!-- close content main div --><\/div><\/div><div id='av_section_1' class='avia-section main_color avia-section-default avia-no-border-styling avia-full-stretch avia-bg-style-scroll   container_wrap fullsize' style = 'background-repeat: no-repeat; background-image: url(https:\/\/www.gmecnorte.com\/wp-content\/uploads\/2018\/06\/cabecera-interior.jpg); background-attachment: scroll; background-position: top left; ' data-section-bg-repeat='stretch' ><div class='container' ><div class='template-page content  av-content-full alpha units'><div class='post-entry post-entry-type-page post-entry-1433'><div class='entry-content-wrapper clearfix'>\n<div style='padding-bottom:10px;' class='av-special-heading av-special-heading-h1  blockquote modern-quote modern-centered  '><h1 class='av-special-heading-tag '  itemprop=\"headline\"  >Politique de confidentialit\u00e9.<\/h1><div class='special-heading-border'><div class='special-heading-inner-border' ><\/div><\/div><\/div>\n<\/div><\/div><\/div><!-- close content main div --><\/div><\/div><div id='av_section_2' class='avia-section main_color avia-section-default avia-no-shadow avia-bg-style-scroll   container_wrap fullsize'   ><div class='container' ><div class='template-page content  av-content-full alpha units'><div class='post-entry post-entry-type-page post-entry-1433'><div class='entry-content-wrapper clearfix'>\n<div class=\"flex_column av_one_full  flex_column_div av-zero-column-padding first  \" style='border-radius:0px; '><section class=\"av_textblock_section \"  itemscope=\"itemscope\" itemtype=\"https:\/\/schema.org\/CreativeWork\" ><div class='avia_textblock  '   itemprop=\"text\" ><p>Conform\u00e9ment aux dispositions de la Loi Organique 15\/1999 du 13 d\u00e9cembre relative \u00e0 la Protection des Donn\u00e9es \u00e0 Caract\u00e8re Personnel, je consens \u00e0 ce que ces donn\u00e9es soient incluses dans le fichier \u00ab\u00a0Formulaire de contact web\u00a0\u00bb dont le titulaire est GRANDES MECANIZADOS DEL NORTE, S.A., et qu&rsquo;elles puissent \u00eatre utilis\u00e9es \u00e0 des fins publicitaires et de prospection commerciale. Vos donn\u00e9es ne seront pas transmises \u00e0 des tiers sans votre consentement.<\/p>\n<p>Declaro as\u00ed mismo estar informado sobre los derechos de Acceso, Rectificaci\u00f3n, Cancelaci\u00f3n y Oposici\u00f3n que podr\u00ed ejercer en el domicilio social de GRANDES MECANIZADOS DEL NORTE, S.A. en Pol\u00edgono Industrial Itziar, Parcela Q8, 20829 Itziar-Deba(Gipuzkoa), Tel.: +34 943 60 63 65.<\/p>\n<\/div><\/section><\/div><\/p>\n","protected":false},"excerpt":{"rendered":"","protected":false},"author":1,"featured_media":0,"parent":0,"menu_order":0,"comment_status":"closed","ping_status":"open","template":"","meta":{"footnotes":""},"class_list":["post-1433","page","type-page","status-publish","hentry"],"yoast_head":"<!-- This site is optimized with the Yoast SEO plugin v26.0 - https:\/\/yoast.com\/wordpress\/plugins\/seo\/ -->\n<title>Politique de confidentialit\u00e9. - Mecanizados GMNorte<\/title>\n<meta name=\"robots\" content=\"noindex, nofollow\" \/>\n<meta property=\"og:locale\" content=\"fr_FR\" \/>\n<meta property=\"og:type\" content=\"article\" \/>\n<meta property=\"og:title\" content=\"Politique de confidentialit\u00e9. - Mecanizados GMNorte\" \/>\n<meta property=\"og:url\" content=\"https:\/\/www.gmecnorte.com\/fr\/politique-de-confidentialite\/\" \/>\n<meta property=\"og:site_name\" content=\"Mecanizados GMNorte\" \/>\n<meta property=\"article:modified_time\" content=\"2026-04-30T06:41:34+00:00\" \/>\n<meta name=\"twitter:card\" content=\"summary_large_image\" \/>\n<meta name=\"twitter:label1\" content=\"Dur\u00e9e de lecture estim\u00e9e\" \/>\n\t<meta name=\"twitter:data1\" content=\"2 minutes\" \/>\n<script type=\"application\/ld+json\" class=\"yoast-schema-graph\">{\"@context\":\"https:\/\/schema.org\",\"@graph\":[{\"@type\":\"WebPage\",\"@id\":\"https:\/\/www.gmecnorte.com\/fr\/politique-de-confidentialite\/\",\"url\":\"https:\/\/www.gmecnorte.com\/fr\/politique-de-confidentialite\/\",\"name\":\"Politique de confidentialit\u00e9. - Mecanizados GMNorte\",\"isPartOf\":{\"@id\":\"https:\/\/www.gmecnorte.com\/#website\"},\"datePublished\":\"2026-04-30T06:40:56+00:00\",\"dateModified\":\"2026-04-30T06:41:34+00:00\",\"breadcrumb\":{\"@id\":\"https:\/\/www.gmecnorte.com\/fr\/politique-de-confidentialite\/#breadcrumb\"},\"inLanguage\":\"fr-FR\",\"potentialAction\":[{\"@type\":\"ReadAction\",\"target\":[\"https:\/\/www.gmecnorte.com\/fr\/politique-de-confidentialite\/\"]}]},{\"@type\":\"BreadcrumbList\",\"@id\":\"https:\/\/www.gmecnorte.com\/fr\/politique-de-confidentialite\/#breadcrumb\",\"itemListElement\":[{\"@type\":\"ListItem\",\"position\":1,\"name\":\"Portada\",\"item\":\"https:\/\/www.gmecnorte.com\/fr\/accueil-2\/\"},{\"@type\":\"ListItem\",\"position\":2,\"name\":\"Politique de confidentialit\u00e9.\"}]},{\"@type\":\"WebSite\",\"@id\":\"https:\/\/www.gmecnorte.com\/#website\",\"url\":\"https:\/\/www.gmecnorte.com\/\",\"name\":\"Mecanizados GMNorte\",\"description\":\"Grandes mecanizados\",\"potentialAction\":[{\"@type\":\"SearchAction\",\"target\":{\"@type\":\"EntryPoint\",\"urlTemplate\":\"https:\/\/www.gmecnorte.com\/?s={search_term_string}\"},\"query-input\":{\"@type\":\"PropertyValueSpecification\",\"valueRequired\":true,\"valueName\":\"search_term_string\"}}],\"inLanguage\":\"fr-FR\"}]}<\/script>\n<!-- \/ Yoast SEO plugin. -->","yoast_head_json":{"title":"Politique de confidentialit\u00e9. - Mecanizados GMNorte","robots":{"index":"noindex","follow":"nofollow"},"og_locale":"fr_FR","og_type":"article","og_title":"Politique de confidentialit\u00e9. - Mecanizados GMNorte","og_url":"https:\/\/www.gmecnorte.com\/fr\/politique-de-confidentialite\/","og_site_name":"Mecanizados GMNorte","article_modified_time":"2026-04-30T06:41:34+00:00","twitter_card":"summary_large_image","twitter_misc":{"Dur\u00e9e de lecture estim\u00e9e":"2 minutes"},"schema":{"@context":"https:\/\/schema.org","@graph":[{"@type":"WebPage","@id":"https:\/\/www.gmecnorte.com\/fr\/politique-de-confidentialite\/","url":"https:\/\/www.gmecnorte.com\/fr\/politique-de-confidentialite\/","name":"Politique de confidentialit\u00e9. - Mecanizados GMNorte","isPartOf":{"@id":"https:\/\/www.gmecnorte.com\/#website"},"datePublished":"2026-04-30T06:40:56+00:00","dateModified":"2026-04-30T06:41:34+00:00","breadcrumb":{"@id":"https:\/\/www.gmecnorte.com\/fr\/politique-de-confidentialite\/#breadcrumb"},"inLanguage":"fr-FR","potentialAction":[{"@type":"ReadAction","target":["https:\/\/www.gmecnorte.com\/fr\/politique-de-confidentialite\/"]}]},{"@type":"BreadcrumbList","@id":"https:\/\/www.gmecnorte.com\/fr\/politique-de-confidentialite\/#breadcrumb","itemListElement":[{"@type":"ListItem","position":1,"name":"Portada","item":"https:\/\/www.gmecnorte.com\/fr\/accueil-2\/"},{"@type":"ListItem","position":2,"name":"Politique de confidentialit\u00e9."}]},{"@type":"WebSite","@id":"https:\/\/www.gmecnorte.com\/#website","url":"https:\/\/www.gmecnorte.com\/","name":"Mecanizados GMNorte","description":"Grandes mecanizados","potentialAction":[{"@type":"SearchAction","target":{"@type":"EntryPoint","urlTemplate":"https:\/\/www.gmecnorte.com\/?s={search_term_string}"},"query-input":{"@type":"PropertyValueSpecification","valueRequired":true,"valueName":"search_term_string"}}],"inLanguage":"fr-FR"}]}},"_links":{"self":[{"href":"https:\/\/www.gmecnorte.com\/fr\/wp-json\/wp\/v2\/pages\/1433","targetHints":{"allow":["GET"]}}],"collection":[{"href":"https:\/\/www.gmecnorte.com\/fr\/wp-json\/wp\/v2\/pages"}],"about":[{"href":"https:\/\/www.gmecnorte.com\/fr\/wp-json\/wp\/v2\/types\/page"}],"author":[{"embeddable":true,"href":"https:\/\/www.gmecnorte.com\/fr\/wp-json\/wp\/v2\/users\/1"}],"replies":[{"embeddable":true,"href":"https:\/\/www.gmecnorte.com\/fr\/wp-json\/wp\/v2\/comments?post=1433"}],"version-history":[{"count":4,"href":"https:\/\/www.gmecnorte.com\/fr\/wp-json\/wp\/v2\/pages\/1433\/revisions"}],"predecessor-version":[{"id":1438,"href":"https:\/\/www.gmecnorte.com\/fr\/wp-json\/wp\/v2\/pages\/1433\/revisions\/1438"}],"wp:attachment":[{"href":"https:\/\/www.gmecnorte.com\/fr\/wp-json\/wp\/v2\/media?parent=1433"}],"curies":[{"name":"wp","href":"https:\/\/api.w.org\/{rel}","templated":true}]}}