{"id":705,"date":"2024-12-05T10:34:08","date_gmt":"2024-12-05T09:34:08","guid":{"rendered":"https:\/\/www.gmecnorte.com\/?page_id=705"},"modified":"2024-12-05T11:28:50","modified_gmt":"2024-12-05T10:28:50","slug":"histoire","status":"publish","type":"page","link":"https:\/\/www.gmecnorte.com\/fr\/histoire\/","title":{"rendered":"Histoire"},"content":{"rendered":"<\/div><\/div><\/div><!-- close content main div --><\/div><\/div><div id='av_section_1' class='avia-section main_color avia-section-default avia-no-border-styling avia-full-stretch avia-bg-style-scroll   container_wrap fullsize' style = 'background-repeat: no-repeat; background-image: url(https:\/\/www.gmecnorte.com\/wp-content\/uploads\/2019\/02\/cabecera-interior-4.jpg); background-attachment: scroll; background-position: top left; ' data-section-bg-repeat='stretch' ><div class='container' ><div class='template-page content  av-content-full alpha units'><div class='post-entry post-entry-type-page post-entry-705'><div class='entry-content-wrapper clearfix'>\n<div style='padding-bottom:10px;' class='av-special-heading av-special-heading-h1  blockquote modern-quote modern-centered  '><h1 class='av-special-heading-tag '  itemprop=\"headline\"  >\u00c9volution historique de GMN<\/h1><div class='special-heading-border'><div class='special-heading-inner-border' ><\/div><\/div><\/div>\n\n<\/div><\/div><\/div><!-- close content main div --><\/div><\/div><div id='av_section_2' class='avia-section main_color avia-section-default avia-no-shadow avia-bg-style-scroll   container_wrap fullsize'   ><div class='container' ><div class='template-page content  av-content-full alpha units'><div class='post-entry post-entry-type-page post-entry-705'><div class='entry-content-wrapper clearfix'>\n<div class=\"flex_column av_one_half  flex_column_div av-zero-column-padding first  \" style='border-radius:0px; '><p><div style='padding-bottom:30px;' class='av-special-heading av-special-heading-h2  blockquote modern-quote   '><h2 class='av-special-heading-tag '  itemprop=\"headline\"  >1990<\/h2><div class='special-heading-border'><div class='special-heading-inner-border' ><\/div><\/div><\/div><br \/>\n<section class=\"av_textblock_section \"  itemscope=\"itemscope\" itemtype=\"https:\/\/schema.org\/CreativeWork\" ><div class='avia_textblock  '   itemprop=\"text\" ><ul>\n<li><b>GMN<\/b> <b>est cr\u00e9\u00e9 en 1990 en tant que section interne d&rsquo;usinage de Tornos Gurutzpe (fabricant de tours CNC de grande capacit\u00e9).<\/b><\/li>\n<\/ul>\n<\/div><\/section><\/p><\/div><div class=\"flex_column av_one_half  flex_column_div av-zero-column-padding   \" style='border-radius:0px; '><div class='avia-image-container  av-styling-    avia-align-center '  itemprop=\"ImageObject\" itemscope=\"itemscope\" itemtype=\"https:\/\/schema.org\/ImageObject\"  ><div class='avia-image-container-inner'><img class='avia_image ' src='https:\/\/www.gmecnorte.com\/wp-content\/uploads\/2024\/03\/historia_1990.jpg' alt='' title='historia_1990'   itemprop=\"thumbnailUrl\"  \/><\/div><\/div><\/div><div style=' margin-top:0; margin-bottom:30px;'  class='hr hr-custom hr-center hr-icon-yes  av-desktop-hide av-medium-hide av-small-hide av-mini-hide '><span class='hr-inner   inner-border-av-border-thin' style=' width:50px; border-color:#0089cf;' ><span class='hr-inner-style'><\/span><\/span><span class='av-seperator-icon'  aria-hidden='true' data-av_icon='\ue877' data-av_iconfont='entypo-fontello'><\/span><span class='hr-inner   inner-border-av-border-thin' style=' width:50px; border-color:#0089cf;' ><span class='hr-inner-style'><\/span><\/span><\/div>\n<\/div><\/div><\/div><!-- close content main div --><\/div><\/div><div id='av_section_3' class='avia-section main_color avia-section-default avia-no-shadow avia-bg-style-scroll   container_wrap fullsize'   ><div class='container' ><div class='template-page content  av-content-full alpha units'><div class='post-entry post-entry-type-page post-entry-705'><div class='entry-content-wrapper clearfix'>\n<div class=\"flex_column av_one_half  flex_column_div av-zero-column-padding first  \" style='border-radius:0px; '><div class='avia-image-container  av-styling-    avia-align-center '  itemprop=\"ImageObject\" itemscope=\"itemscope\" itemtype=\"https:\/\/schema.org\/ImageObject\"  ><div class='avia-image-container-inner'><img class='avia_image ' src='https:\/\/www.gmecnorte.com\/wp-content\/uploads\/2024\/03\/historia_2005.jpg' alt='' title='historia_2005'   itemprop=\"thumbnailUrl\"  \/><\/div><\/div><\/div><div class=\"flex_column av_one_half  flex_column_div av-zero-column-padding   \" style='border-radius:0px; '><p><div style='padding-bottom:30px;' class='av-special-heading av-special-heading-h2  blockquote modern-quote   '><h2 class='av-special-heading-tag '  itemprop=\"headline\"  >2005<\/h2><div class='special-heading-border'><div class='special-heading-inner-border' ><\/div><\/div><\/div><br \/>\n<section class=\"av_textblock_section \"  itemscope=\"itemscope\" itemtype=\"https:\/\/schema.org\/CreativeWork\" ><div class='avia_textblock  '   itemprop=\"text\" ><ul>\n<li><b>En 2005, GMN se constitue en soci\u00e9t\u00e9 ind\u00e9pendante sp\u00e9cialis\u00e9e dans l&rsquo;usinage de grands composants pour le secteur \u00e9olien et la machine-outil..<\/b><\/li>\n<li>Investissements importants dans les fraiseuses Zayer et CME de grande capacit\u00e9.<\/li>\n<\/ul>\n<\/div><\/section><\/p><\/div>\n<\/p>\n<\/div><\/div><\/div><!-- close content main div --><\/div><\/div><div id='av_section_4' class='avia-section main_color avia-section-default avia-no-shadow avia-bg-style-scroll   container_wrap fullsize'   ><div class='container' ><div class='template-page content  av-content-full alpha units'><div class='post-entry post-entry-type-page post-entry-705'><div class='entry-content-wrapper clearfix'>\n<div class=\"flex_column av_one_half  flex_column_div av-zero-column-padding first  \" style='border-radius:0px; '><p><div style='padding-bottom:30px;' class='av-special-heading av-special-heading-h2  blockquote modern-quote   '><h2 class='av-special-heading-tag '  itemprop=\"headline\"  >2020<\/h2><div class='special-heading-border'><div class='special-heading-inner-border' ><\/div><\/div><\/div><br \/>\n<section class=\"av_textblock_section \"  itemscope=\"itemscope\" itemtype=\"https:\/\/schema.org\/CreativeWork\" ><div class='avia_textblock  '   itemprop=\"text\" ><ul>\n<li>Investissement dans une nouvelle fraiseuse MTE<\/li>\n<li>Int\u00e9gration verticale.\n<ul>\n<li>Extension de 2 200 m\u00b2 destin\u00e9s \u00e0 la fabrication de grands composants de chaudronnerie, \u00e0 l&rsquo;assemblage et \u00e0 la peinture.<\/li>\n<\/ul>\n<\/li>\n<li>R\u00e9orientation strat\u00e9gique de l&rsquo;activit\u00e9 avec l&rsquo;abandon de la fabrication de composants \u00e9oliens.<\/li>\n<\/ul>\n<\/div><\/section><\/p><\/div><div class=\"flex_column av_one_half  flex_column_div av-zero-column-padding   \" style='border-radius:0px; '><div  data-size='no scaling'  data-lightbox_size='large'  data-animation='slide'  data-ids='639'  data-video_counter='0'  data-autoplay='true'  data-bg_slider='false'  data-slide_height=''  data-handle='av_slideshow'  data-interval='4'  data-class=' '  data-css_id=''  data-scroll_down=''  data-control_layout='av-control-default'  data-custom_markup=''  data-perma_caption=''  data-autoplay_stopper=''  data-image_attachment=''  data-min_height='0px'  class='avia-slideshow avia-slideshow-1  av-control-default av-default-height-applied avia-slideshow-no scaling av_slideshow   avia-slide-slider '  itemprop=\"ImageObject\" itemscope=\"itemscope\" itemtype=\"https:\/\/schema.org\/ImageObject\" ><ul class='avia-slideshow-inner' style='padding-bottom: 75%;'><li  class=' av-single-slide slide-1 ' ><div data-rel='slideshow-1' class='avia-slide-wrap'  ><img src='https:\/\/www.gmecnorte.com\/wp-content\/uploads\/2024\/03\/2020.jpg' width='2016' height='1512' title='2020' alt=''  itemprop=\"thumbnailUrl\"   \/><\/div><\/li><\/ul><\/div><\/div>\n\n","protected":false},"excerpt":{"rendered":"","protected":false},"author":1,"featured_media":0,"parent":0,"menu_order":0,"comment_status":"closed","ping_status":"closed","template":"","meta":{"footnotes":""},"class_list":["post-705","page","type-page","status-publish","hentry"],"yoast_head":"<!-- This site is optimized with the Yoast SEO plugin v26.0 - https:\/\/yoast.com\/wordpress\/plugins\/seo\/ -->\n<title>Histoire - Mecanizados GMNorte<\/title>\n<meta name=\"description\" content=\"Medios productivos: Fresadoras, Centros de mecanizado y Mandrinadora. \u00a9 Mecanizados GM Norte. Todos los derechos reservados\" \/>\n<meta name=\"robots\" content=\"index, follow, max-snippet:-1, max-image-preview:large, max-video-preview:-1\" \/>\n<link rel=\"canonical\" href=\"https:\/\/www.gmecnorte.com\/fr\/histoire\/\" \/>\n<meta property=\"og:locale\" content=\"fr_FR\" \/>\n<meta property=\"og:type\" content=\"article\" \/>\n<meta property=\"og:title\" content=\"Histoire - Mecanizados GMNorte\" \/>\n<meta property=\"og:description\" content=\"Medios productivos: Fresadoras, Centros de mecanizado y Mandrinadora. \u00a9 Mecanizados GM Norte. Todos los derechos reservados\" \/>\n<meta property=\"og:url\" content=\"https:\/\/www.gmecnorte.com\/fr\/histoire\/\" \/>\n<meta property=\"og:site_name\" content=\"Mecanizados GMNorte\" \/>\n<meta property=\"article:modified_time\" content=\"2024-12-05T10:28:50+00:00\" \/>\n<meta name=\"twitter:card\" content=\"summary_large_image\" \/>\n<meta name=\"twitter:label1\" content=\"Dur\u00e9e de lecture estim\u00e9e\" \/>\n\t<meta name=\"twitter:data1\" content=\"3 minutes\" \/>\n<script type=\"application\/ld+json\" class=\"yoast-schema-graph\">{\"@context\":\"https:\/\/schema.org\",\"@graph\":[{\"@type\":\"WebPage\",\"@id\":\"https:\/\/www.gmecnorte.com\/fr\/histoire\/\",\"url\":\"https:\/\/www.gmecnorte.com\/fr\/histoire\/\",\"name\":\"Histoire - Mecanizados GMNorte\",\"isPartOf\":{\"@id\":\"https:\/\/www.gmecnorte.com\/#website\"},\"datePublished\":\"2024-12-05T09:34:08+00:00\",\"dateModified\":\"2024-12-05T10:28:50+00:00\",\"description\":\"Medios productivos: Fresadoras, Centros de mecanizado y Mandrinadora. \u00a9 Mecanizados GM Norte. Todos los derechos reservados\",\"breadcrumb\":{\"@id\":\"https:\/\/www.gmecnorte.com\/fr\/histoire\/#breadcrumb\"},\"inLanguage\":\"fr-FR\",\"potentialAction\":[{\"@type\":\"ReadAction\",\"target\":[\"https:\/\/www.gmecnorte.com\/fr\/histoire\/\"]}]},{\"@type\":\"BreadcrumbList\",\"@id\":\"https:\/\/www.gmecnorte.com\/fr\/histoire\/#breadcrumb\",\"itemListElement\":[{\"@type\":\"ListItem\",\"position\":1,\"name\":\"Portada\",\"item\":\"https:\/\/www.gmecnorte.com\/?page_id=13\"},{\"@type\":\"ListItem\",\"position\":2,\"name\":\"Histoire\"}]},{\"@type\":\"WebSite\",\"@id\":\"https:\/\/www.gmecnorte.com\/#website\",\"url\":\"https:\/\/www.gmecnorte.com\/\",\"name\":\"Mecanizados GMNorte\",\"description\":\"Grandes mecanizados\",\"potentialAction\":[{\"@type\":\"SearchAction\",\"target\":{\"@type\":\"EntryPoint\",\"urlTemplate\":\"https:\/\/www.gmecnorte.com\/?s={search_term_string}\"},\"query-input\":{\"@type\":\"PropertyValueSpecification\",\"valueRequired\":true,\"valueName\":\"search_term_string\"}}],\"inLanguage\":\"fr-FR\"}]}<\/script>\n<!-- \/ Yoast SEO plugin. -->","yoast_head_json":{"title":"Histoire - Mecanizados GMNorte","description":"Medios productivos: Fresadoras, Centros de mecanizado y Mandrinadora. \u00a9 Mecanizados GM Norte. Todos los derechos reservados","robots":{"index":"index","follow":"follow","max-snippet":"max-snippet:-1","max-image-preview":"max-image-preview:large","max-video-preview":"max-video-preview:-1"},"canonical":"https:\/\/www.gmecnorte.com\/fr\/histoire\/","og_locale":"fr_FR","og_type":"article","og_title":"Histoire - Mecanizados GMNorte","og_description":"Medios productivos: Fresadoras, Centros de mecanizado y Mandrinadora. \u00a9 Mecanizados GM Norte. Todos los derechos reservados","og_url":"https:\/\/www.gmecnorte.com\/fr\/histoire\/","og_site_name":"Mecanizados GMNorte","article_modified_time":"2024-12-05T10:28:50+00:00","twitter_card":"summary_large_image","twitter_misc":{"Dur\u00e9e de lecture estim\u00e9e":"3 minutes"},"schema":{"@context":"https:\/\/schema.org","@graph":[{"@type":"WebPage","@id":"https:\/\/www.gmecnorte.com\/fr\/histoire\/","url":"https:\/\/www.gmecnorte.com\/fr\/histoire\/","name":"Histoire - Mecanizados GMNorte","isPartOf":{"@id":"https:\/\/www.gmecnorte.com\/#website"},"datePublished":"2024-12-05T09:34:08+00:00","dateModified":"2024-12-05T10:28:50+00:00","description":"Medios productivos: Fresadoras, Centros de mecanizado y Mandrinadora. \u00a9 Mecanizados GM Norte. Todos los derechos reservados","breadcrumb":{"@id":"https:\/\/www.gmecnorte.com\/fr\/histoire\/#breadcrumb"},"inLanguage":"fr-FR","potentialAction":[{"@type":"ReadAction","target":["https:\/\/www.gmecnorte.com\/fr\/histoire\/"]}]},{"@type":"BreadcrumbList","@id":"https:\/\/www.gmecnorte.com\/fr\/histoire\/#breadcrumb","itemListElement":[{"@type":"ListItem","position":1,"name":"Portada","item":"https:\/\/www.gmecnorte.com\/?page_id=13"},{"@type":"ListItem","position":2,"name":"Histoire"}]},{"@type":"WebSite","@id":"https:\/\/www.gmecnorte.com\/#website","url":"https:\/\/www.gmecnorte.com\/","name":"Mecanizados GMNorte","description":"Grandes mecanizados","potentialAction":[{"@type":"SearchAction","target":{"@type":"EntryPoint","urlTemplate":"https:\/\/www.gmecnorte.com\/?s={search_term_string}"},"query-input":{"@type":"PropertyValueSpecification","valueRequired":true,"valueName":"search_term_string"}}],"inLanguage":"fr-FR"}]}},"_links":{"self":[{"href":"https:\/\/www.gmecnorte.com\/fr\/wp-json\/wp\/v2\/pages\/705","targetHints":{"allow":["GET"]}}],"collection":[{"href":"https:\/\/www.gmecnorte.com\/fr\/wp-json\/wp\/v2\/pages"}],"about":[{"href":"https:\/\/www.gmecnorte.com\/fr\/wp-json\/wp\/v2\/types\/page"}],"author":[{"embeddable":true,"href":"https:\/\/www.gmecnorte.com\/fr\/wp-json\/wp\/v2\/users\/1"}],"replies":[{"embeddable":true,"href":"https:\/\/www.gmecnorte.com\/fr\/wp-json\/wp\/v2\/comments?post=705"}],"version-history":[{"count":7,"href":"https:\/\/www.gmecnorte.com\/fr\/wp-json\/wp\/v2\/pages\/705\/revisions"}],"predecessor-version":[{"id":769,"href":"https:\/\/www.gmecnorte.com\/fr\/wp-json\/wp\/v2\/pages\/705\/revisions\/769"}],"wp:attachment":[{"href":"https:\/\/www.gmecnorte.com\/fr\/wp-json\/wp\/v2\/media?parent=705"}],"curies":[{"name":"wp","href":"https:\/\/api.w.org\/{rel}","templated":true}]}}