{"id":742,"date":"2024-12-05T11:10:33","date_gmt":"2024-12-05T10:10:33","guid":{"rendered":"https:\/\/www.gmecnorte.com\/?page_id=742"},"modified":"2024-12-05T11:11:42","modified_gmt":"2024-12-05T10:11:42","slug":"qualite","status":"publish","type":"page","link":"https:\/\/www.gmecnorte.com\/fr\/qualite\/","title":{"rendered":"Qualit\u00e9"},"content":{"rendered":"<\/div><\/div><\/div><!-- close content main div --><\/div><\/div><div id='av_section_1' class='avia-section main_color avia-section-default avia-no-border-styling avia-full-stretch avia-bg-style-scroll   container_wrap fullsize' style = 'background-repeat: no-repeat; background-image: url(https:\/\/www.gmecnorte.com\/wp-content\/uploads\/2018\/06\/cabecera-interior.jpg); background-attachment: scroll; background-position: top left; ' data-section-bg-repeat='stretch' ><div class='container' ><div class='template-page content  av-content-full alpha units'><div class='post-entry post-entry-type-page post-entry-742'><div class='entry-content-wrapper clearfix'>\n<div style='padding-bottom:10px;' class='av-special-heading av-special-heading-h1  blockquote modern-quote modern-centered  '><h1 class='av-special-heading-tag '  itemprop=\"headline\"  >Qualit\u00e9<\/h1><div class='special-heading-border'><div class='special-heading-inner-border' ><\/div><\/div><\/div>\n\n<\/div><\/div><\/div><!-- close content main div --><\/div><\/div><div id='av_section_2' class='avia-section main_color avia-section-default avia-no-border-styling avia-bg-style-scroll   container_wrap fullsize'   ><div class='container' ><div class='template-page content  av-content-full alpha units'><div class='post-entry post-entry-type-page post-entry-742'><div class='entry-content-wrapper clearfix'>\n<div class=\"flex_column av_one_half  flex_column_div av-zero-column-padding first  \" style='border-radius:0px; '><p><div style='padding-bottom:20px;' class='av-special-heading av-special-heading-h2  blockquote modern-quote   '><h2 class='av-special-heading-tag '  itemprop=\"headline\"  >Nous garantissons la qualit\u00e9 et la protection de l\u2019environnement<\/h2><div class='special-heading-border'><div class='special-heading-inner-border' ><\/div><\/div><\/div><br \/>\n<section class=\"av_textblock_section \"  itemscope=\"itemscope\" itemtype=\"https:\/\/schema.org\/CreativeWork\" ><div class='avia_textblock  '   itemprop=\"text\" ><p>Dans le but d&rsquo;am\u00e9liorer la qualit\u00e9 ainsi que la conservation et la protection de l&rsquo;environnement des travaux r\u00e9alis\u00e9s lors de l&rsquo;usinage de grandes pi\u00e8ces et d&rsquo;atteindre une am\u00e9lioration continue dans tous les processus de travail et dans le service \u00e0 nos clients, GRANDES MECANIZADOS DEL NORTE, S.A. a \u00e9tabli en 2006 les bases de son syst\u00e8me de gestion de la qualit\u00e9 et de l&rsquo;environnement, qui a \u00e9t\u00e9 certifi\u00e9 selon les normes ISO 9001 et ISO 14001, par l&rsquo;organisme T\u00dcV RHEINLAND.<\/p>\n<p>Nous garantissons la qualit\u00e9 de la gestion dans tous les processus de l&rsquo;entreprise.<\/p>\n<h2>Qualit\u00e9<\/h2>\n<p><em> * Cliquez sur les images pour voir les certificats de qualit\u00e9 agrandis.<\/em><\/p>\n<\/div><\/section><br \/>\n<div class='avia-gallery  avia-gallery-1 avia_lazyload avia_animate_when_visible '  itemprop=\"ImageObject\" itemscope=\"itemscope\" itemtype=\"https:\/\/schema.org\/ImageObject\" ><div class='avia-gallery-thumb'> <a href='https:\/\/www.gmecnorte.com\/wp-content\/uploads\/2021\/10\/Grandes-Mecanizados-ISO-14001.jpg' data-rel='gallery-1' data-prev-img='https:\/\/www.gmecnorte.com\/wp-content\/uploads\/2021\/10\/Grandes-Mecanizados-ISO-14001-495x400.jpg' class='first_thumb lightbox ' data-onclick='1' title='Grandes-Mecanizados-ISO-14001'  itemprop=\"thumbnailUrl\" ><img data-avia-tooltip='Grandes-Mecanizados-ISO-14001' src='https:\/\/www.gmecnorte.com\/wp-content\/uploads\/2021\/10\/Grandes-Mecanizados-ISO-14001.jpg' width='601' height='846'  title='Grandes Mecanizados ISO 14001' alt='' \/><\/a> <a href='https:\/\/www.gmecnorte.com\/wp-content\/uploads\/2021\/10\/Grandes-Mecanizados-ISO-9001.jpg' data-rel='gallery-1' data-prev-img='https:\/\/www.gmecnorte.com\/wp-content\/uploads\/2021\/10\/Grandes-Mecanizados-ISO-9001-495x400.jpg' class='lightbox ' data-onclick='2' title='Grandes-Mecanizados-ISO-9001'  itemprop=\"thumbnailUrl\" ><img data-avia-tooltip='Grandes-Mecanizados-ISO-9001' src='https:\/\/www.gmecnorte.com\/wp-content\/uploads\/2021\/10\/Grandes-Mecanizados-ISO-9001.jpg' width='602' height='844'  title='Grandes Mecanizados ISO 9001' alt='' \/><\/a><\/div><\/div><\/p><\/div><div class=\"flex_column av_one_half  flex_column_div av-zero-column-padding   \" style='border-radius:0px; '><p><div style='padding-bottom:20px;' class='av-special-heading av-special-heading-h2  blockquote modern-quote   '><h2 class='av-special-heading-tag '  itemprop=\"headline\"  >Politique de Qualit\u00e9<\/h2><div class='special-heading-border'><div class='special-heading-inner-border' ><\/div><\/div><\/div><br \/>\n<section class=\"av_textblock_section \"  itemscope=\"itemscope\" itemtype=\"https:\/\/schema.org\/CreativeWork\" ><div class='avia_textblock  '   itemprop=\"text\" ><p>GRANDES MECANIZADOS DEL NORTE, S.A. est une entreprise d\u00e9di\u00e9e \u00e0 l&rsquo;usinage de pi\u00e8ces de grandes dimensions.<\/p>\n<p>Pour nous, la qualit\u00e9, la conservation et la protection de l&rsquo;environnement sont des objectifs permanents dans toutes les activit\u00e9s men\u00e9es au sein de l&rsquo;organisation.<\/p>\n<p>\u00c0 cet effet, GRANDES MECANIZADOS DEL NORTE, S.A. a d\u00e9fini sa politique de qualit\u00e9 et d&rsquo;environnement avec les engagements suivants :<\/p>\n<ul>\n<li>Notre principal objectif est la satisfaction du client. Pour ce faire, nous disposons d&rsquo;une \u00e9quipe humaine compos\u00e9e de professionnels qui s&rsquo;adaptent pour satisfaire les exigences et attentes de nos clients en d\u00e9veloppant des produits de qualit\u00e9.<\/li>\n<li>Respect des exigences l\u00e9gales, r\u00e9glementaires et normatives applicables \u00e0 notre activit\u00e9, ainsi que de toutes les exigences auxquelles l&rsquo;organisation adh\u00e8re en lien avec ses aspects environnementaux.<\/li>\n<li>Fournir un effort continu pour minimiser l&rsquo;impact environnemental g\u00e9n\u00e9r\u00e9 par nos activit\u00e9s, en priorisant l&rsquo;application de technologies et de processus bas\u00e9s sur des crit\u00e8res de minimisation et de valorisation.<\/li>\n<li>Fournir la formation n\u00e9cessaire pour l&rsquo;ex\u00e9cution efficace des fonctions et t\u00e2ches de nos travailleurs.<\/li>\n<li>\u00c9tablir des objectifs et des cibles r\u00e9guli\u00e8rement r\u00e9vis\u00e9s, orient\u00e9s vers l&rsquo;am\u00e9lioration continue et la pr\u00e9vention de la pollution..<\/li>\n<li>Allouer les ressources mat\u00e9rielles, humaines et techniques n\u00e9cessaires au d\u00e9veloppement de cette politique \u00e0 travers le d\u00e9veloppement du syst\u00e8me de gestion de la qualit\u00e9 et de l&rsquo;environnement.<\/li>\n<\/ul>\n<\/div><\/section><\/p><\/div>\n","protected":false},"excerpt":{"rendered":"","protected":false},"author":1,"featured_media":0,"parent":0,"menu_order":0,"comment_status":"closed","ping_status":"closed","template":"","meta":{"footnotes":""},"class_list":["post-742","page","type-page","status-publish","hentry"],"yoast_head":"<!-- This site is optimized with the Yoast SEO plugin v26.0 - https:\/\/yoast.com\/wordpress\/plugins\/seo\/ -->\n<title>Qualit\u00e9 - Mecanizados GMNorte<\/title>\n<meta name=\"robots\" content=\"index, follow, max-snippet:-1, max-image-preview:large, max-video-preview:-1\" \/>\n<link rel=\"canonical\" href=\"https:\/\/www.gmecnorte.com\/fr\/qualite\/\" \/>\n<meta property=\"og:locale\" content=\"fr_FR\" \/>\n<meta property=\"og:type\" content=\"article\" \/>\n<meta property=\"og:title\" content=\"Qualit\u00e9 - Mecanizados GMNorte\" \/>\n<meta property=\"og:url\" content=\"https:\/\/www.gmecnorte.com\/fr\/qualite\/\" \/>\n<meta property=\"og:site_name\" content=\"Mecanizados GMNorte\" \/>\n<meta property=\"article:modified_time\" content=\"2024-12-05T10:11:42+00:00\" \/>\n<meta name=\"twitter:card\" content=\"summary_large_image\" \/>\n<meta name=\"twitter:label1\" content=\"Dur\u00e9e de lecture estim\u00e9e\" \/>\n\t<meta name=\"twitter:data1\" content=\"3 minutes\" \/>\n<script type=\"application\/ld+json\" class=\"yoast-schema-graph\">{\"@context\":\"https:\/\/schema.org\",\"@graph\":[{\"@type\":\"WebPage\",\"@id\":\"https:\/\/www.gmecnorte.com\/fr\/qualite\/\",\"url\":\"https:\/\/www.gmecnorte.com\/fr\/qualite\/\",\"name\":\"Qualit\u00e9 - Mecanizados GMNorte\",\"isPartOf\":{\"@id\":\"https:\/\/www.gmecnorte.com\/#website\"},\"datePublished\":\"2024-12-05T10:10:33+00:00\",\"dateModified\":\"2024-12-05T10:11:42+00:00\",\"breadcrumb\":{\"@id\":\"https:\/\/www.gmecnorte.com\/fr\/qualite\/#breadcrumb\"},\"inLanguage\":\"fr-FR\",\"potentialAction\":[{\"@type\":\"ReadAction\",\"target\":[\"https:\/\/www.gmecnorte.com\/fr\/qualite\/\"]}]},{\"@type\":\"BreadcrumbList\",\"@id\":\"https:\/\/www.gmecnorte.com\/fr\/qualite\/#breadcrumb\",\"itemListElement\":[{\"@type\":\"ListItem\",\"position\":1,\"name\":\"Portada\",\"item\":\"https:\/\/www.gmecnorte.com\/?page_id=13\"},{\"@type\":\"ListItem\",\"position\":2,\"name\":\"Qualit\u00e9\"}]},{\"@type\":\"WebSite\",\"@id\":\"https:\/\/www.gmecnorte.com\/#website\",\"url\":\"https:\/\/www.gmecnorte.com\/\",\"name\":\"Mecanizados GMNorte\",\"description\":\"Grandes mecanizados\",\"potentialAction\":[{\"@type\":\"SearchAction\",\"target\":{\"@type\":\"EntryPoint\",\"urlTemplate\":\"https:\/\/www.gmecnorte.com\/?s={search_term_string}\"},\"query-input\":{\"@type\":\"PropertyValueSpecification\",\"valueRequired\":true,\"valueName\":\"search_term_string\"}}],\"inLanguage\":\"fr-FR\"}]}<\/script>\n<!-- \/ Yoast SEO plugin. -->","yoast_head_json":{"title":"Qualit\u00e9 - Mecanizados GMNorte","robots":{"index":"index","follow":"follow","max-snippet":"max-snippet:-1","max-image-preview":"max-image-preview:large","max-video-preview":"max-video-preview:-1"},"canonical":"https:\/\/www.gmecnorte.com\/fr\/qualite\/","og_locale":"fr_FR","og_type":"article","og_title":"Qualit\u00e9 - Mecanizados GMNorte","og_url":"https:\/\/www.gmecnorte.com\/fr\/qualite\/","og_site_name":"Mecanizados GMNorte","article_modified_time":"2024-12-05T10:11:42+00:00","twitter_card":"summary_large_image","twitter_misc":{"Dur\u00e9e de lecture estim\u00e9e":"3 minutes"},"schema":{"@context":"https:\/\/schema.org","@graph":[{"@type":"WebPage","@id":"https:\/\/www.gmecnorte.com\/fr\/qualite\/","url":"https:\/\/www.gmecnorte.com\/fr\/qualite\/","name":"Qualit\u00e9 - Mecanizados GMNorte","isPartOf":{"@id":"https:\/\/www.gmecnorte.com\/#website"},"datePublished":"2024-12-05T10:10:33+00:00","dateModified":"2024-12-05T10:11:42+00:00","breadcrumb":{"@id":"https:\/\/www.gmecnorte.com\/fr\/qualite\/#breadcrumb"},"inLanguage":"fr-FR","potentialAction":[{"@type":"ReadAction","target":["https:\/\/www.gmecnorte.com\/fr\/qualite\/"]}]},{"@type":"BreadcrumbList","@id":"https:\/\/www.gmecnorte.com\/fr\/qualite\/#breadcrumb","itemListElement":[{"@type":"ListItem","position":1,"name":"Portada","item":"https:\/\/www.gmecnorte.com\/?page_id=13"},{"@type":"ListItem","position":2,"name":"Qualit\u00e9"}]},{"@type":"WebSite","@id":"https:\/\/www.gmecnorte.com\/#website","url":"https:\/\/www.gmecnorte.com\/","name":"Mecanizados GMNorte","description":"Grandes mecanizados","potentialAction":[{"@type":"SearchAction","target":{"@type":"EntryPoint","urlTemplate":"https:\/\/www.gmecnorte.com\/?s={search_term_string}"},"query-input":{"@type":"PropertyValueSpecification","valueRequired":true,"valueName":"search_term_string"}}],"inLanguage":"fr-FR"}]}},"_links":{"self":[{"href":"https:\/\/www.gmecnorte.com\/fr\/wp-json\/wp\/v2\/pages\/742","targetHints":{"allow":["GET"]}}],"collection":[{"href":"https:\/\/www.gmecnorte.com\/fr\/wp-json\/wp\/v2\/pages"}],"about":[{"href":"https:\/\/www.gmecnorte.com\/fr\/wp-json\/wp\/v2\/types\/page"}],"author":[{"embeddable":true,"href":"https:\/\/www.gmecnorte.com\/fr\/wp-json\/wp\/v2\/users\/1"}],"replies":[{"embeddable":true,"href":"https:\/\/www.gmecnorte.com\/fr\/wp-json\/wp\/v2\/comments?post=742"}],"version-history":[{"count":3,"href":"https:\/\/www.gmecnorte.com\/fr\/wp-json\/wp\/v2\/pages\/742\/revisions"}],"predecessor-version":[{"id":747,"href":"https:\/\/www.gmecnorte.com\/fr\/wp-json\/wp\/v2\/pages\/742\/revisions\/747"}],"wp:attachment":[{"href":"https:\/\/www.gmecnorte.com\/fr\/wp-json\/wp\/v2\/media?parent=742"}],"curies":[{"name":"wp","href":"https:\/\/api.w.org\/{rel}","templated":true}]}}