{"id":750,"date":"2024-12-05T11:13:41","date_gmt":"2024-12-05T10:13:41","guid":{"rendered":"https:\/\/www.gmecnorte.com\/?page_id=750"},"modified":"2024-12-05T11:14:53","modified_gmt":"2024-12-05T10:14:53","slug":"gmn-ecologique","status":"publish","type":"page","link":"https:\/\/www.gmecnorte.com\/fr\/gmn-ecologique\/","title":{"rendered":"GMN \u00c9cologique"},"content":{"rendered":"<\/div><\/div><\/div><!-- close content main div --><\/div><\/div><div id='av_section_1' class='avia-section main_color avia-section-default avia-no-border-styling avia-full-stretch avia-bg-style-scroll   container_wrap fullsize' style = 'background-repeat: no-repeat; background-image: url(https:\/\/www.gmecnorte.com\/wp-content\/uploads\/2018\/06\/cabecera-interior.jpg); background-attachment: scroll; background-position: top left; ' data-section-bg-repeat='stretch' ><div class='container' ><div class='template-page content  av-content-full alpha units'><div class='post-entry post-entry-type-page post-entry-750'><div class='entry-content-wrapper clearfix'>\n<div style='padding-bottom:10px;' class='av-special-heading av-special-heading-h1  blockquote modern-quote modern-centered  '><h1 class='av-special-heading-tag '  itemprop=\"headline\"  >INSTALLATION SOLAIRE PHOTOVOLTA\u00cfQUE POUR AUTOCONSOMMATION<\/h1><div class='special-heading-border'><div class='special-heading-inner-border' ><\/div><\/div><\/div>\n<section class=\"av_textblock_section \"  itemscope=\"itemscope\" itemtype=\"https:\/\/schema.org\/CreativeWork\" ><div class='avia_textblock  '   itemprop=\"text\" ><div class=\"et_pb_module et_pb_text et_pb_text_1 et_pb_text_align_center et_pb_bg_layout_light\" style=\"text-align: center;\">\n<div class=\"et_pb_text_inner\">\n<p>Projet soutenu par le programme d&rsquo;incitations li\u00e9 \u00e0 l&rsquo;autoconsommation et au stockage avec des sources d&rsquo;\u00e9nergie renouvelables, ainsi qu&rsquo;\u00e0 l&rsquo;implantation de syst\u00e8mes thermiques renouvelables dans le secteur r\u00e9sidentiel dans le cadre du Plan de R\u00e9cup\u00e9ration, de Transformation et de R\u00e9silience, financ\u00e9 par l&rsquo;Union Europ\u00e9enne \u2013 NextGenerationEU<\/p>\n<\/div>\n<\/div>\n<div class=\"et_pb_module et_pb_text et_pb_text_2 et_pb_text_align_center et_pb_bg_layout_light\" style=\"text-align: center;\">\n<div class=\"et_pb_text_inner\"><span style=\"color: #0000ff;\">#PlanDeR\u00e9cup\u00e9ration<\/span><\/div>\n<\/div>\n<\/div><\/section><\/p>\n<div class=\"flex_column av_one_full  flex_column_div av-zero-column-padding first  \" style='border-radius:0px; '><div class='avia-image-container  av-styling-    avia-align-center '  itemprop=\"ImageObject\" itemscope=\"itemscope\" itemtype=\"https:\/\/schema.org\/ImageObject\"  ><div class='avia-image-container-inner'><img class='avia_image ' src='https:\/\/www.gmecnorte.com\/wp-content\/uploads\/2023\/06\/Captura-de-pantalla-2023-06-30-a-las-14.51.43.png' alt='' title='Captura de pantalla 2023-06-30 a las 14.51.43'   itemprop=\"thumbnailUrl\"  \/><\/div><\/div><\/div>\n<\/div><\/div><\/div><!-- close content main div --><\/div><\/div><div id='av_section_2' class='avia-section main_color avia-section-default avia-no-shadow avia-bg-style-scroll   container_wrap fullsize'   ><div class='container' ><div class='template-page content  av-content-full alpha units'><div class='post-entry post-entry-type-page post-entry-750'><div class='entry-content-wrapper clearfix'>\n<div class=\"flex_column av_one_third  flex_column_div av-zero-column-padding first  \" style='border-radius:0px; '><div class='avia-image-container  av-styling-    avia-align-center '  itemprop=\"ImageObject\" itemscope=\"itemscope\" itemtype=\"https:\/\/schema.org\/ImageObject\"  ><div class='avia-image-container-inner'><img class='avia_image ' src='https:\/\/www.gmecnorte.com\/wp-content\/uploads\/2023\/04\/IMG_20220406_155719.jpg' alt='' title='IMG_20220406_155719'   itemprop=\"thumbnailUrl\"  \/><\/div><\/div><\/div><div class=\"flex_column av_one_third  flex_column_div av-zero-column-padding   \" style='border-radius:0px; '><div class='avia-image-container  av-styling-    avia-align-center '  itemprop=\"ImageObject\" itemscope=\"itemscope\" itemtype=\"https:\/\/schema.org\/ImageObject\"  ><div class='avia-image-container-inner'><img class='avia_image ' src='https:\/\/www.gmecnorte.com\/wp-content\/uploads\/2023\/04\/IMG_20220406_155040.jpg' alt='' title='IMG_20220406_155040'   itemprop=\"thumbnailUrl\"  \/><\/div><\/div><\/div><div class=\"flex_column av_one_third  flex_column_div av-zero-column-padding   \" style='border-radius:0px; '><div class='avia-image-container  av-styling-    avia-align-center '  itemprop=\"ImageObject\" itemscope=\"itemscope\" itemtype=\"https:\/\/schema.org\/ImageObject\"  ><div class='avia-image-container-inner'><img class='avia_image ' src='https:\/\/www.gmecnorte.com\/wp-content\/uploads\/2023\/04\/IMG_20220406_154930.jpg' alt='' title='IMG_20220406_154930'   itemprop=\"thumbnailUrl\"  \/><\/div><\/div><\/div>\n\n<\/div><\/div><\/div><!-- close content main div --><\/div><\/div><div id='av_section_3' class='avia-section main_color avia-section-default avia-no-shadow avia-bg-style-scroll   container_wrap fullsize'   ><div class='container' ><div class='template-page content  av-content-full alpha units'><div class='post-entry post-entry-type-page post-entry-750'><div class='entry-content-wrapper clearfix'>\n<div class=\"flex_column av_one_half  flex_column_div av-zero-column-padding first  \" style='border-radius:0px; '><div class='avia-image-container  av-styling-    avia-align-left '  itemprop=\"ImageObject\" itemscope=\"itemscope\" itemtype=\"https:\/\/schema.org\/ImageObject\"  ><div class='avia-image-container-inner'><img class='avia_image ' src='https:\/\/www.gmecnorte.com\/wp-content\/uploads\/2023\/04\/logotipo-europa.png' alt='' title='logotipo-europa'   itemprop=\"thumbnailUrl\"  \/><\/div><\/div><\/div><div class=\"flex_column av_one_half  flex_column_div av-zero-column-padding   \" style='border-radius:0px; '><div class='avia-image-container  av-styling-    avia-align-right '  itemprop=\"ImageObject\" itemscope=\"itemscope\" itemtype=\"https:\/\/schema.org\/ImageObject\"  ><div class='avia-image-container-inner'><img class='avia_image ' src='https:\/\/www.gmecnorte.com\/wp-content\/uploads\/2023\/04\/logotipo-plan.png' alt='' title='logotipo-plan'   itemprop=\"thumbnailUrl\"  \/><\/div><\/div><\/div><div style='height:50px' class='hr hr-invisible  '><span class='hr-inner ' ><span class='hr-inner-style'><\/span><\/span><\/div>\n<section class=\"av_textblock_section \"  itemscope=\"itemscope\" itemtype=\"https:\/\/schema.org\/CreativeWork\" ><div class='avia_textblock  '   itemprop=\"text\" ><div class=\"et_pb_module et_pb_text et_pb_text_1 et_pb_text_align_center et_pb_bg_layout_light\" style=\"text-align: center;\">\n<div class=\"et_pb_text_inner\"><\/div>\n<\/div>\n<div class=\"et_pb_module et_pb_text et_pb_text_3 et_pb_text_align_left et_pb_bg_layout_light\" style=\"text-align: center;\">\n<div class=\"et_pb_text_inner\">\n<p>Beneficiario: GRANDES MECANIZADOS DEL NORTE, S.A.<br \/>\nComponente (C7:l1): ACTUACI\u00d3N DE GENERACI\u00d3N CON ENERG\u00cdA RENOVABLE<br \/>\nInversi\u00f3n total: 50.227,3 \u20ac<br \/>\nImporte de la ayuda: 20.603,60 \u20ac<br \/>\nPotencia (kW): 73,47<br \/>\nExpediente: 00688-P3A2R-2021<\/p>\n<p>Real Decreto 477\/2021<\/p>\n<\/div>\n<\/div>\n<\/div><\/section>\n\n","protected":false},"excerpt":{"rendered":"","protected":false},"author":1,"featured_media":0,"parent":0,"menu_order":0,"comment_status":"closed","ping_status":"closed","template":"","meta":{"footnotes":""},"class_list":["post-750","page","type-page","status-publish","hentry"],"yoast_head":"<!-- This site is optimized with the Yoast SEO plugin v26.0 - https:\/\/yoast.com\/wordpress\/plugins\/seo\/ -->\n<title>GMN \u00c9cologique - Mecanizados GMNorte<\/title>\n<meta name=\"robots\" content=\"index, follow, max-snippet:-1, max-image-preview:large, max-video-preview:-1\" \/>\n<link rel=\"canonical\" href=\"https:\/\/www.gmecnorte.com\/fr\/gmn-ecologique\/\" \/>\n<meta property=\"og:locale\" content=\"fr_FR\" \/>\n<meta property=\"og:type\" content=\"article\" \/>\n<meta property=\"og:title\" content=\"GMN \u00c9cologique - Mecanizados GMNorte\" \/>\n<meta property=\"og:url\" content=\"https:\/\/www.gmecnorte.com\/fr\/gmn-ecologique\/\" \/>\n<meta property=\"og:site_name\" content=\"Mecanizados GMNorte\" \/>\n<meta property=\"article:modified_time\" content=\"2024-12-05T10:14:53+00:00\" \/>\n<meta name=\"twitter:card\" content=\"summary_large_image\" \/>\n<meta name=\"twitter:label1\" content=\"Dur\u00e9e de lecture estim\u00e9e\" \/>\n\t<meta name=\"twitter:data1\" content=\"3 minutes\" \/>\n<script type=\"application\/ld+json\" class=\"yoast-schema-graph\">{\"@context\":\"https:\/\/schema.org\",\"@graph\":[{\"@type\":\"WebPage\",\"@id\":\"https:\/\/www.gmecnorte.com\/fr\/gmn-ecologique\/\",\"url\":\"https:\/\/www.gmecnorte.com\/fr\/gmn-ecologique\/\",\"name\":\"GMN \u00c9cologique - Mecanizados GMNorte\",\"isPartOf\":{\"@id\":\"https:\/\/www.gmecnorte.com\/#website\"},\"datePublished\":\"2024-12-05T10:13:41+00:00\",\"dateModified\":\"2024-12-05T10:14:53+00:00\",\"breadcrumb\":{\"@id\":\"https:\/\/www.gmecnorte.com\/fr\/gmn-ecologique\/#breadcrumb\"},\"inLanguage\":\"fr-FR\",\"potentialAction\":[{\"@type\":\"ReadAction\",\"target\":[\"https:\/\/www.gmecnorte.com\/fr\/gmn-ecologique\/\"]}]},{\"@type\":\"BreadcrumbList\",\"@id\":\"https:\/\/www.gmecnorte.com\/fr\/gmn-ecologique\/#breadcrumb\",\"itemListElement\":[{\"@type\":\"ListItem\",\"position\":1,\"name\":\"Portada\",\"item\":\"https:\/\/www.gmecnorte.com\/?page_id=13\"},{\"@type\":\"ListItem\",\"position\":2,\"name\":\"GMN \u00c9cologique\"}]},{\"@type\":\"WebSite\",\"@id\":\"https:\/\/www.gmecnorte.com\/#website\",\"url\":\"https:\/\/www.gmecnorte.com\/\",\"name\":\"Mecanizados GMNorte\",\"description\":\"Grandes mecanizados\",\"potentialAction\":[{\"@type\":\"SearchAction\",\"target\":{\"@type\":\"EntryPoint\",\"urlTemplate\":\"https:\/\/www.gmecnorte.com\/?s={search_term_string}\"},\"query-input\":{\"@type\":\"PropertyValueSpecification\",\"valueRequired\":true,\"valueName\":\"search_term_string\"}}],\"inLanguage\":\"fr-FR\"}]}<\/script>\n<!-- \/ Yoast SEO plugin. -->","yoast_head_json":{"title":"GMN \u00c9cologique - Mecanizados GMNorte","robots":{"index":"index","follow":"follow","max-snippet":"max-snippet:-1","max-image-preview":"max-image-preview:large","max-video-preview":"max-video-preview:-1"},"canonical":"https:\/\/www.gmecnorte.com\/fr\/gmn-ecologique\/","og_locale":"fr_FR","og_type":"article","og_title":"GMN \u00c9cologique - Mecanizados GMNorte","og_url":"https:\/\/www.gmecnorte.com\/fr\/gmn-ecologique\/","og_site_name":"Mecanizados GMNorte","article_modified_time":"2024-12-05T10:14:53+00:00","twitter_card":"summary_large_image","twitter_misc":{"Dur\u00e9e de lecture estim\u00e9e":"3 minutes"},"schema":{"@context":"https:\/\/schema.org","@graph":[{"@type":"WebPage","@id":"https:\/\/www.gmecnorte.com\/fr\/gmn-ecologique\/","url":"https:\/\/www.gmecnorte.com\/fr\/gmn-ecologique\/","name":"GMN \u00c9cologique - Mecanizados GMNorte","isPartOf":{"@id":"https:\/\/www.gmecnorte.com\/#website"},"datePublished":"2024-12-05T10:13:41+00:00","dateModified":"2024-12-05T10:14:53+00:00","breadcrumb":{"@id":"https:\/\/www.gmecnorte.com\/fr\/gmn-ecologique\/#breadcrumb"},"inLanguage":"fr-FR","potentialAction":[{"@type":"ReadAction","target":["https:\/\/www.gmecnorte.com\/fr\/gmn-ecologique\/"]}]},{"@type":"BreadcrumbList","@id":"https:\/\/www.gmecnorte.com\/fr\/gmn-ecologique\/#breadcrumb","itemListElement":[{"@type":"ListItem","position":1,"name":"Portada","item":"https:\/\/www.gmecnorte.com\/?page_id=13"},{"@type":"ListItem","position":2,"name":"GMN \u00c9cologique"}]},{"@type":"WebSite","@id":"https:\/\/www.gmecnorte.com\/#website","url":"https:\/\/www.gmecnorte.com\/","name":"Mecanizados GMNorte","description":"Grandes mecanizados","potentialAction":[{"@type":"SearchAction","target":{"@type":"EntryPoint","urlTemplate":"https:\/\/www.gmecnorte.com\/?s={search_term_string}"},"query-input":{"@type":"PropertyValueSpecification","valueRequired":true,"valueName":"search_term_string"}}],"inLanguage":"fr-FR"}]}},"_links":{"self":[{"href":"https:\/\/www.gmecnorte.com\/fr\/wp-json\/wp\/v2\/pages\/750","targetHints":{"allow":["GET"]}}],"collection":[{"href":"https:\/\/www.gmecnorte.com\/fr\/wp-json\/wp\/v2\/pages"}],"about":[{"href":"https:\/\/www.gmecnorte.com\/fr\/wp-json\/wp\/v2\/types\/page"}],"author":[{"embeddable":true,"href":"https:\/\/www.gmecnorte.com\/fr\/wp-json\/wp\/v2\/users\/1"}],"replies":[{"embeddable":true,"href":"https:\/\/www.gmecnorte.com\/fr\/wp-json\/wp\/v2\/comments?post=750"}],"version-history":[{"count":3,"href":"https:\/\/www.gmecnorte.com\/fr\/wp-json\/wp\/v2\/pages\/750\/revisions"}],"predecessor-version":[{"id":755,"href":"https:\/\/www.gmecnorte.com\/fr\/wp-json\/wp\/v2\/pages\/750\/revisions\/755"}],"wp:attachment":[{"href":"https:\/\/www.gmecnorte.com\/fr\/wp-json\/wp\/v2\/media?parent=750"}],"curies":[{"name":"wp","href":"https:\/\/api.w.org\/{rel}","templated":true}]}}